{"id":4074,"date":"2020-02-29T16:19:43","date_gmt":"2020-02-29T15:19:43","guid":{"rendered":"https:\/\/behaaglijkverwarmen.nl\/product\/comfortiser-pumpenschalter\/"},"modified":"2020-02-29T16:19:43","modified_gmt":"2020-02-29T15:19:43","slug":"comfortiser-pumpenschalter","status":"publish","type":"product","link":"https:\/\/behaaglijkverwarmen.nl\/de\/product\/comfortiser-pumpenschalter\/","title":{"rendered":"Comfortiser Pumpenschalter"},"content":{"rendered":"<p>Der Comfortiser-Pumpenschalter sorgt daf\u00fcr, dass Ihre Fu\u00dfbodenheizungspumpe nur dann l\u00e4uft, wenn sie gebraucht wird.<br \/>\nDadurch sparen Sie erheblich bei den Energiekosten, die Pumpe verschlei\u00dft weniger und Sie haben keine Ger\u00e4usche, wenn die Heizung ausgeschaltet ist.<\/p>\n<p>Der Comfortiser ist steckerfertig und daher einfach zu installieren.<\/p>\n","protected":false},"excerpt":{"rendered":"<p>Der Comfortiser-Pumpenschalter sorgt daf\u00fcr, dass Ihre Fu\u00dfbodenheizungspumpe nur dann l\u00e4uft, wenn sie gebraucht wird. Dadurch sparen Sie erheblich bei den Energiekosten, die Pumpe verschlei\u00dft weniger und Sie haben keine Ger\u00e4usche, wenn die Heizung ausgeschaltet ist. Der Comfortiser ist steckerfertig und daher einfach zu installieren.<\/p>\n","protected":false},"featured_media":2555,"template":"","meta":[],"product_brand":[],"product_cat":[190,191],"product_tag":[],"class_list":{"0":"post-4074","1":"product","2":"type-product","3":"status-publish","4":"has-post-thumbnail","6":"product_cat-energiesparer","7":"product_cat-pumpenschalter","8":"product_shipping_class-paket-bis-zu-2kg","10":"first","11":"instock","12":"taxable","13":"shipping-taxable","14":"purchasable","15":"product-type-simple"},"yoast_head":"<!-- This site is optimized with the Yoast SEO plugin v27.4 - https:\/\/yoast.com\/product\/yoast-seo-wordpress\/ -->\n<title>Comfortiser Pumpenschalter - Behaaglijk verwarmen<\/title>\n<meta name=\"robots\" content=\"index, follow, max-snippet:-1, max-image-preview:large, max-video-preview:-1\" \/>\n<link rel=\"canonical\" href=\"https:\/\/behaaglijkverwarmen.nl\/de\/product\/comfortiser-pumpenschalter\/\" \/>\n<meta property=\"og:locale\" content=\"de_DE\" \/>\n<meta property=\"og:type\" content=\"article\" \/>\n<meta property=\"og:title\" content=\"Comfortiser Pumpenschalter - Behaaglijk verwarmen\" \/>\n<meta property=\"og:description\" content=\"Der Comfortiser-Pumpenschalter sorgt daf\u00fcr, dass Ihre Fu\u00dfbodenheizungspumpe nur dann l\u00e4uft, wenn sie gebraucht wird. Dadurch sparen Sie erheblich bei den Energiekosten, die Pumpe verschlei\u00dft weniger und Sie haben keine Ger\u00e4usche, wenn die Heizung ausgeschaltet ist. Der Comfortiser ist steckerfertig und daher einfach zu installieren.\" \/>\n<meta property=\"og:url\" content=\"https:\/\/behaaglijkverwarmen.nl\/de\/product\/comfortiser-pumpenschalter\/\" \/>\n<meta property=\"og:site_name\" content=\"Behaaglijk verwarmen\" \/>\n<meta property=\"og:image\" content=\"https:\/\/behaaglijkverwarmen.nl\/wp-content\/uploads\/2022\/11\/1126x1200.jpeg\" \/>\n\t<meta property=\"og:image:width\" content=\"1126\" \/>\n\t<meta property=\"og:image:height\" content=\"1200\" \/>\n\t<meta property=\"og:image:type\" content=\"image\/jpeg\" \/>\n<meta name=\"twitter:card\" content=\"summary_large_image\" \/>\n<script type=\"application\/ld+json\" class=\"yoast-schema-graph\">{\"@context\":\"https:\\\/\\\/schema.org\",\"@graph\":[{\"@type\":\"WebPage\",\"@id\":\"https:\\\/\\\/behaaglijkverwarmen.nl\\\/de\\\/product\\\/comfortiser-pumpenschalter\\\/\",\"url\":\"https:\\\/\\\/behaaglijkverwarmen.nl\\\/de\\\/product\\\/comfortiser-pumpenschalter\\\/\",\"name\":\"Comfortiser Pumpenschalter - Behaaglijk verwarmen\",\"isPartOf\":{\"@id\":\"https:\\\/\\\/behaaglijkverwarmen.nl\\\/de\\\/#website\"},\"primaryImageOfPage\":{\"@id\":\"https:\\\/\\\/behaaglijkverwarmen.nl\\\/de\\\/product\\\/comfortiser-pumpenschalter\\\/#primaryimage\"},\"image\":{\"@id\":\"https:\\\/\\\/behaaglijkverwarmen.nl\\\/de\\\/product\\\/comfortiser-pumpenschalter\\\/#primaryimage\"},\"thumbnailUrl\":\"https:\\\/\\\/behaaglijkverwarmen.nl\\\/wp-content\\\/uploads\\\/2022\\\/11\\\/1126x1200.jpeg\",\"datePublished\":\"2020-02-29T15:19:43+00:00\",\"breadcrumb\":{\"@id\":\"https:\\\/\\\/behaaglijkverwarmen.nl\\\/de\\\/product\\\/comfortiser-pumpenschalter\\\/#breadcrumb\"},\"inLanguage\":\"de\",\"potentialAction\":[{\"@type\":\"ReadAction\",\"target\":[\"https:\\\/\\\/behaaglijkverwarmen.nl\\\/de\\\/product\\\/comfortiser-pumpenschalter\\\/\"]}]},{\"@type\":\"ImageObject\",\"inLanguage\":\"de\",\"@id\":\"https:\\\/\\\/behaaglijkverwarmen.nl\\\/de\\\/product\\\/comfortiser-pumpenschalter\\\/#primaryimage\",\"url\":\"https:\\\/\\\/behaaglijkverwarmen.nl\\\/wp-content\\\/uploads\\\/2022\\\/11\\\/1126x1200.jpeg\",\"contentUrl\":\"https:\\\/\\\/behaaglijkverwarmen.nl\\\/wp-content\\\/uploads\\\/2022\\\/11\\\/1126x1200.jpeg\",\"width\":1126,\"height\":1200},{\"@type\":\"BreadcrumbList\",\"@id\":\"https:\\\/\\\/behaaglijkverwarmen.nl\\\/de\\\/product\\\/comfortiser-pumpenschalter\\\/#breadcrumb\",\"itemListElement\":[{\"@type\":\"ListItem\",\"position\":1,\"name\":\"Home\",\"item\":\"https:\\\/\\\/behaaglijkverwarmen.nl\\\/de\\\/startseite\\\/\"},{\"@type\":\"ListItem\",\"position\":2,\"name\":\"Shop\",\"item\":\"https:\\\/\\\/behaaglijkverwarmen.nl\\\/de\\\/shop\\\/\"},{\"@type\":\"ListItem\",\"position\":3,\"name\":\"Comfortiser Pumpenschalter\"}]},{\"@type\":\"WebSite\",\"@id\":\"https:\\\/\\\/behaaglijkverwarmen.nl\\\/de\\\/#website\",\"url\":\"https:\\\/\\\/behaaglijkverwarmen.nl\\\/de\\\/\",\"name\":\"Behaaglijk verwarmen\",\"description\":\"\",\"publisher\":{\"@id\":\"https:\\\/\\\/behaaglijkverwarmen.nl\\\/de\\\/#organization\"},\"potentialAction\":[{\"@type\":\"SearchAction\",\"target\":{\"@type\":\"EntryPoint\",\"urlTemplate\":\"https:\\\/\\\/behaaglijkverwarmen.nl\\\/de\\\/?s={search_term_string}\"},\"query-input\":{\"@type\":\"PropertyValueSpecification\",\"valueRequired\":true,\"valueName\":\"search_term_string\"}}],\"inLanguage\":\"de\"},{\"@type\":\"Organization\",\"@id\":\"https:\\\/\\\/behaaglijkverwarmen.nl\\\/de\\\/#organization\",\"name\":\"Behaaglijk verwarmen\",\"url\":\"https:\\\/\\\/behaaglijkverwarmen.nl\\\/de\\\/\",\"logo\":{\"@type\":\"ImageObject\",\"inLanguage\":\"de\",\"@id\":\"https:\\\/\\\/behaaglijkverwarmen.nl\\\/de\\\/#\\\/schema\\\/logo\\\/image\\\/\",\"url\":\"https:\\\/\\\/behaaglijkverwarmen.nl\\\/wp-content\\\/uploads\\\/2022\\\/10\\\/logo-behaaglijkverwarmenrsnoek.png\",\"contentUrl\":\"https:\\\/\\\/behaaglijkverwarmen.nl\\\/wp-content\\\/uploads\\\/2022\\\/10\\\/logo-behaaglijkverwarmenrsnoek.png\",\"width\":1000,\"height\":266,\"caption\":\"Behaaglijk verwarmen\"},\"image\":{\"@id\":\"https:\\\/\\\/behaaglijkverwarmen.nl\\\/de\\\/#\\\/schema\\\/logo\\\/image\\\/\"}}]}<\/script>\n<!-- \/ Yoast SEO plugin. -->","yoast_head_json":{"title":"Comfortiser Pumpenschalter - Behaaglijk verwarmen","robots":{"index":"index","follow":"follow","max-snippet":"max-snippet:-1","max-image-preview":"max-image-preview:large","max-video-preview":"max-video-preview:-1"},"canonical":"https:\/\/behaaglijkverwarmen.nl\/de\/product\/comfortiser-pumpenschalter\/","og_locale":"de_DE","og_type":"article","og_title":"Comfortiser Pumpenschalter - Behaaglijk verwarmen","og_description":"Der Comfortiser-Pumpenschalter sorgt daf\u00fcr, dass Ihre Fu\u00dfbodenheizungspumpe nur dann l\u00e4uft, wenn sie gebraucht wird. Dadurch sparen Sie erheblich bei den Energiekosten, die Pumpe verschlei\u00dft weniger und Sie haben keine Ger\u00e4usche, wenn die Heizung ausgeschaltet ist. Der Comfortiser ist steckerfertig und daher einfach zu installieren.","og_url":"https:\/\/behaaglijkverwarmen.nl\/de\/product\/comfortiser-pumpenschalter\/","og_site_name":"Behaaglijk verwarmen","og_image":[{"width":1126,"height":1200,"url":"https:\/\/behaaglijkverwarmen.nl\/wp-content\/uploads\/2022\/11\/1126x1200.jpeg","type":"image\/jpeg"}],"twitter_card":"summary_large_image","schema":{"@context":"https:\/\/schema.org","@graph":[{"@type":"WebPage","@id":"https:\/\/behaaglijkverwarmen.nl\/de\/product\/comfortiser-pumpenschalter\/","url":"https:\/\/behaaglijkverwarmen.nl\/de\/product\/comfortiser-pumpenschalter\/","name":"Comfortiser Pumpenschalter - Behaaglijk verwarmen","isPartOf":{"@id":"https:\/\/behaaglijkverwarmen.nl\/de\/#website"},"primaryImageOfPage":{"@id":"https:\/\/behaaglijkverwarmen.nl\/de\/product\/comfortiser-pumpenschalter\/#primaryimage"},"image":{"@id":"https:\/\/behaaglijkverwarmen.nl\/de\/product\/comfortiser-pumpenschalter\/#primaryimage"},"thumbnailUrl":"https:\/\/behaaglijkverwarmen.nl\/wp-content\/uploads\/2022\/11\/1126x1200.jpeg","datePublished":"2020-02-29T15:19:43+00:00","breadcrumb":{"@id":"https:\/\/behaaglijkverwarmen.nl\/de\/product\/comfortiser-pumpenschalter\/#breadcrumb"},"inLanguage":"de","potentialAction":[{"@type":"ReadAction","target":["https:\/\/behaaglijkverwarmen.nl\/de\/product\/comfortiser-pumpenschalter\/"]}]},{"@type":"ImageObject","inLanguage":"de","@id":"https:\/\/behaaglijkverwarmen.nl\/de\/product\/comfortiser-pumpenschalter\/#primaryimage","url":"https:\/\/behaaglijkverwarmen.nl\/wp-content\/uploads\/2022\/11\/1126x1200.jpeg","contentUrl":"https:\/\/behaaglijkverwarmen.nl\/wp-content\/uploads\/2022\/11\/1126x1200.jpeg","width":1126,"height":1200},{"@type":"BreadcrumbList","@id":"https:\/\/behaaglijkverwarmen.nl\/de\/product\/comfortiser-pumpenschalter\/#breadcrumb","itemListElement":[{"@type":"ListItem","position":1,"name":"Home","item":"https:\/\/behaaglijkverwarmen.nl\/de\/startseite\/"},{"@type":"ListItem","position":2,"name":"Shop","item":"https:\/\/behaaglijkverwarmen.nl\/de\/shop\/"},{"@type":"ListItem","position":3,"name":"Comfortiser Pumpenschalter"}]},{"@type":"WebSite","@id":"https:\/\/behaaglijkverwarmen.nl\/de\/#website","url":"https:\/\/behaaglijkverwarmen.nl\/de\/","name":"Behaaglijk verwarmen","description":"","publisher":{"@id":"https:\/\/behaaglijkverwarmen.nl\/de\/#organization"},"potentialAction":[{"@type":"SearchAction","target":{"@type":"EntryPoint","urlTemplate":"https:\/\/behaaglijkverwarmen.nl\/de\/?s={search_term_string}"},"query-input":{"@type":"PropertyValueSpecification","valueRequired":true,"valueName":"search_term_string"}}],"inLanguage":"de"},{"@type":"Organization","@id":"https:\/\/behaaglijkverwarmen.nl\/de\/#organization","name":"Behaaglijk verwarmen","url":"https:\/\/behaaglijkverwarmen.nl\/de\/","logo":{"@type":"ImageObject","inLanguage":"de","@id":"https:\/\/behaaglijkverwarmen.nl\/de\/#\/schema\/logo\/image\/","url":"https:\/\/behaaglijkverwarmen.nl\/wp-content\/uploads\/2022\/10\/logo-behaaglijkverwarmenrsnoek.png","contentUrl":"https:\/\/behaaglijkverwarmen.nl\/wp-content\/uploads\/2022\/10\/logo-behaaglijkverwarmenrsnoek.png","width":1000,"height":266,"caption":"Behaaglijk verwarmen"},"image":{"@id":"https:\/\/behaaglijkverwarmen.nl\/de\/#\/schema\/logo\/image\/"}}]}},"_links":{"self":[{"href":"https:\/\/behaaglijkverwarmen.nl\/de\/wp-json\/wp\/v2\/product\/4074","targetHints":{"allow":["GET"]}}],"collection":[{"href":"https:\/\/behaaglijkverwarmen.nl\/de\/wp-json\/wp\/v2\/product"}],"about":[{"href":"https:\/\/behaaglijkverwarmen.nl\/de\/wp-json\/wp\/v2\/types\/product"}],"wp:featuredmedia":[{"embeddable":true,"href":"https:\/\/behaaglijkverwarmen.nl\/de\/wp-json\/wp\/v2\/media\/2555"}],"wp:attachment":[{"href":"https:\/\/behaaglijkverwarmen.nl\/de\/wp-json\/wp\/v2\/media?parent=4074"}],"wp:term":[{"taxonomy":"product_brand","embeddable":true,"href":"https:\/\/behaaglijkverwarmen.nl\/de\/wp-json\/wp\/v2\/product_brand?post=4074"},{"taxonomy":"product_cat","embeddable":true,"href":"https:\/\/behaaglijkverwarmen.nl\/de\/wp-json\/wp\/v2\/product_cat?post=4074"},{"taxonomy":"product_tag","embeddable":true,"href":"https:\/\/behaaglijkverwarmen.nl\/de\/wp-json\/wp\/v2\/product_tag?post=4074"}],"curies":[{"name":"wp","href":"https:\/\/api.w.org\/{rel}","templated":true}]}}