{"id":4085,"date":"2020-03-15T12:43:59","date_gmt":"2020-03-15T11:43:59","guid":{"rendered":"https:\/\/behaaglijkverwarmen.nl\/product\/mini-infrarotstrahler\/"},"modified":"2020-03-15T12:43:59","modified_gmt":"2020-03-15T11:43:59","slug":"mini-infrarotstrahler","status":"publish","type":"product","link":"https:\/\/behaaglijkverwarmen.nl\/de\/product\/mini-infrarotstrahler\/","title":{"rendered":"Mini-Infrarotstrahler"},"content":{"rendered":"<p>Mini-Infrarotstrahler zur Montage unter einem Tisch oder Schreibtisch.<br \/>\nBefestigung mit 4 Schrauben von vorne.<\/p>\n<p>Wenn die Beine sch\u00f6n warm sind, f\u00fchlt sich der ganze K\u00f6rper wohl.<\/p>\n<p><img loading=\"lazy\" decoding=\"async\" class=\"alignnone size-medium wp-image-2248\" src=\"https:\/\/behaaglijkverwarmen.nl\/wp-content\/uploads\/2020\/03\/Mini-300x225.jpg\" alt=\"\" width=\"300\" height=\"225\"><img loading=\"lazy\" decoding=\"async\" class=\"alignnone size-medium wp-image-2018\" src=\"http:\/\/behaaglijkverwarmen.nl\/wp-content\/uploads\/2020\/03\/Mini-2-300x225.jpg\" alt=\"\" width=\"300\" height=\"225\"><\/p>\n","protected":false},"excerpt":{"rendered":"<p>Mini-Infrarotstrahler zur Montage unter einem Tisch oder Schreibtisch. Befestigung mit 4 Schrauben von vorne. Wenn die Beine sch\u00f6n warm sind, f\u00fchlt sich der ganze K\u00f6rper wohl.<\/p>\n","protected":false},"featured_media":4086,"template":"","meta":[],"product_brand":[148],"product_cat":[197,196],"product_tag":[],"class_list":{"0":"post-4085","1":"product","2":"type-product","3":"status-publish","4":"has-post-thumbnail","6":"product_brand-dynatherm","7":"product_cat-dynatherm","8":"product_cat-mini-schreibtischwarmer","9":"product_shipping_class-paket-bis-zu-20kg","11":"first","12":"instock","13":"taxable","14":"shipping-taxable","15":"purchasable","16":"product-type-variable"},"yoast_head":"<!-- This site is optimized with the Yoast SEO plugin v27.4 - https:\/\/yoast.com\/product\/yoast-seo-wordpress\/ -->\n<title>Mini-Infrarotstrahler - Behaaglijk verwarmen<\/title>\n<meta name=\"robots\" content=\"index, follow, max-snippet:-1, max-image-preview:large, max-video-preview:-1\" \/>\n<link rel=\"canonical\" href=\"https:\/\/behaaglijkverwarmen.nl\/de\/product\/mini-infrarotstrahler\/\" \/>\n<meta property=\"og:locale\" content=\"de_DE\" \/>\n<meta property=\"og:type\" content=\"article\" \/>\n<meta property=\"og:title\" content=\"Mini-Infrarotstrahler - Behaaglijk verwarmen\" \/>\n<meta property=\"og:description\" content=\"Mini-Infrarotstrahler zur Montage unter einem Tisch oder Schreibtisch. Befestigung mit 4 Schrauben von vorne. Wenn die Beine sch\u00f6n warm sind, f\u00fchlt sich der ganze K\u00f6rper wohl.\" \/>\n<meta property=\"og:url\" content=\"https:\/\/behaaglijkverwarmen.nl\/de\/product\/mini-infrarotstrahler\/\" \/>\n<meta property=\"og:site_name\" content=\"Behaaglijk verwarmen\" \/>\n<meta property=\"og:image\" content=\"https:\/\/behaaglijkverwarmen.nl\/wp-content\/uploads\/2020\/03\/Mini-2.jpg\" \/>\n\t<meta property=\"og:image:width\" content=\"650\" \/>\n\t<meta property=\"og:image:height\" content=\"488\" \/>\n\t<meta property=\"og:image:type\" content=\"image\/jpeg\" \/>\n<meta name=\"twitter:card\" content=\"summary_large_image\" \/>\n<script type=\"application\/ld+json\" class=\"yoast-schema-graph\">{\"@context\":\"https:\\\/\\\/schema.org\",\"@graph\":[{\"@type\":\"WebPage\",\"@id\":\"https:\\\/\\\/behaaglijkverwarmen.nl\\\/de\\\/product\\\/mini-infrarotstrahler\\\/\",\"url\":\"https:\\\/\\\/behaaglijkverwarmen.nl\\\/de\\\/product\\\/mini-infrarotstrahler\\\/\",\"name\":\"Mini-Infrarotstrahler - Behaaglijk verwarmen\",\"isPartOf\":{\"@id\":\"https:\\\/\\\/behaaglijkverwarmen.nl\\\/de\\\/#website\"},\"primaryImageOfPage\":{\"@id\":\"https:\\\/\\\/behaaglijkverwarmen.nl\\\/de\\\/product\\\/mini-infrarotstrahler\\\/#primaryimage\"},\"image\":{\"@id\":\"https:\\\/\\\/behaaglijkverwarmen.nl\\\/de\\\/product\\\/mini-infrarotstrahler\\\/#primaryimage\"},\"thumbnailUrl\":\"https:\\\/\\\/behaaglijkverwarmen.nl\\\/wp-content\\\/uploads\\\/2020\\\/03\\\/Mini-2.jpg\",\"datePublished\":\"2020-03-15T11:43:59+00:00\",\"breadcrumb\":{\"@id\":\"https:\\\/\\\/behaaglijkverwarmen.nl\\\/de\\\/product\\\/mini-infrarotstrahler\\\/#breadcrumb\"},\"inLanguage\":\"de\",\"potentialAction\":[{\"@type\":\"ReadAction\",\"target\":[\"https:\\\/\\\/behaaglijkverwarmen.nl\\\/de\\\/product\\\/mini-infrarotstrahler\\\/\"]}]},{\"@type\":\"ImageObject\",\"inLanguage\":\"de\",\"@id\":\"https:\\\/\\\/behaaglijkverwarmen.nl\\\/de\\\/product\\\/mini-infrarotstrahler\\\/#primaryimage\",\"url\":\"https:\\\/\\\/behaaglijkverwarmen.nl\\\/wp-content\\\/uploads\\\/2020\\\/03\\\/Mini-2.jpg\",\"contentUrl\":\"https:\\\/\\\/behaaglijkverwarmen.nl\\\/wp-content\\\/uploads\\\/2020\\\/03\\\/Mini-2.jpg\",\"width\":650,\"height\":488},{\"@type\":\"BreadcrumbList\",\"@id\":\"https:\\\/\\\/behaaglijkverwarmen.nl\\\/de\\\/product\\\/mini-infrarotstrahler\\\/#breadcrumb\",\"itemListElement\":[{\"@type\":\"ListItem\",\"position\":1,\"name\":\"Home\",\"item\":\"https:\\\/\\\/behaaglijkverwarmen.nl\\\/de\\\/startseite\\\/\"},{\"@type\":\"ListItem\",\"position\":2,\"name\":\"Shop\",\"item\":\"https:\\\/\\\/behaaglijkverwarmen.nl\\\/de\\\/shop\\\/\"},{\"@type\":\"ListItem\",\"position\":3,\"name\":\"Mini-Infrarotstrahler\"}]},{\"@type\":\"WebSite\",\"@id\":\"https:\\\/\\\/behaaglijkverwarmen.nl\\\/de\\\/#website\",\"url\":\"https:\\\/\\\/behaaglijkverwarmen.nl\\\/de\\\/\",\"name\":\"Behaaglijk verwarmen\",\"description\":\"\",\"publisher\":{\"@id\":\"https:\\\/\\\/behaaglijkverwarmen.nl\\\/de\\\/#organization\"},\"potentialAction\":[{\"@type\":\"SearchAction\",\"target\":{\"@type\":\"EntryPoint\",\"urlTemplate\":\"https:\\\/\\\/behaaglijkverwarmen.nl\\\/de\\\/?s={search_term_string}\"},\"query-input\":{\"@type\":\"PropertyValueSpecification\",\"valueRequired\":true,\"valueName\":\"search_term_string\"}}],\"inLanguage\":\"de\"},{\"@type\":\"Organization\",\"@id\":\"https:\\\/\\\/behaaglijkverwarmen.nl\\\/de\\\/#organization\",\"name\":\"Behaaglijk verwarmen\",\"url\":\"https:\\\/\\\/behaaglijkverwarmen.nl\\\/de\\\/\",\"logo\":{\"@type\":\"ImageObject\",\"inLanguage\":\"de\",\"@id\":\"https:\\\/\\\/behaaglijkverwarmen.nl\\\/de\\\/#\\\/schema\\\/logo\\\/image\\\/\",\"url\":\"https:\\\/\\\/behaaglijkverwarmen.nl\\\/wp-content\\\/uploads\\\/2022\\\/10\\\/logo-behaaglijkverwarmenrsnoek.png\",\"contentUrl\":\"https:\\\/\\\/behaaglijkverwarmen.nl\\\/wp-content\\\/uploads\\\/2022\\\/10\\\/logo-behaaglijkverwarmenrsnoek.png\",\"width\":1000,\"height\":266,\"caption\":\"Behaaglijk verwarmen\"},\"image\":{\"@id\":\"https:\\\/\\\/behaaglijkverwarmen.nl\\\/de\\\/#\\\/schema\\\/logo\\\/image\\\/\"}}]}<\/script>\n<!-- \/ Yoast SEO plugin. -->","yoast_head_json":{"title":"Mini-Infrarotstrahler - Behaaglijk verwarmen","robots":{"index":"index","follow":"follow","max-snippet":"max-snippet:-1","max-image-preview":"max-image-preview:large","max-video-preview":"max-video-preview:-1"},"canonical":"https:\/\/behaaglijkverwarmen.nl\/de\/product\/mini-infrarotstrahler\/","og_locale":"de_DE","og_type":"article","og_title":"Mini-Infrarotstrahler - Behaaglijk verwarmen","og_description":"Mini-Infrarotstrahler zur Montage unter einem Tisch oder Schreibtisch. Befestigung mit 4 Schrauben von vorne. Wenn die Beine sch\u00f6n warm sind, f\u00fchlt sich der ganze K\u00f6rper wohl.","og_url":"https:\/\/behaaglijkverwarmen.nl\/de\/product\/mini-infrarotstrahler\/","og_site_name":"Behaaglijk verwarmen","og_image":[{"width":650,"height":488,"url":"https:\/\/behaaglijkverwarmen.nl\/wp-content\/uploads\/2020\/03\/Mini-2.jpg","type":"image\/jpeg"}],"twitter_card":"summary_large_image","schema":{"@context":"https:\/\/schema.org","@graph":[{"@type":"WebPage","@id":"https:\/\/behaaglijkverwarmen.nl\/de\/product\/mini-infrarotstrahler\/","url":"https:\/\/behaaglijkverwarmen.nl\/de\/product\/mini-infrarotstrahler\/","name":"Mini-Infrarotstrahler - Behaaglijk verwarmen","isPartOf":{"@id":"https:\/\/behaaglijkverwarmen.nl\/de\/#website"},"primaryImageOfPage":{"@id":"https:\/\/behaaglijkverwarmen.nl\/de\/product\/mini-infrarotstrahler\/#primaryimage"},"image":{"@id":"https:\/\/behaaglijkverwarmen.nl\/de\/product\/mini-infrarotstrahler\/#primaryimage"},"thumbnailUrl":"https:\/\/behaaglijkverwarmen.nl\/wp-content\/uploads\/2020\/03\/Mini-2.jpg","datePublished":"2020-03-15T11:43:59+00:00","breadcrumb":{"@id":"https:\/\/behaaglijkverwarmen.nl\/de\/product\/mini-infrarotstrahler\/#breadcrumb"},"inLanguage":"de","potentialAction":[{"@type":"ReadAction","target":["https:\/\/behaaglijkverwarmen.nl\/de\/product\/mini-infrarotstrahler\/"]}]},{"@type":"ImageObject","inLanguage":"de","@id":"https:\/\/behaaglijkverwarmen.nl\/de\/product\/mini-infrarotstrahler\/#primaryimage","url":"https:\/\/behaaglijkverwarmen.nl\/wp-content\/uploads\/2020\/03\/Mini-2.jpg","contentUrl":"https:\/\/behaaglijkverwarmen.nl\/wp-content\/uploads\/2020\/03\/Mini-2.jpg","width":650,"height":488},{"@type":"BreadcrumbList","@id":"https:\/\/behaaglijkverwarmen.nl\/de\/product\/mini-infrarotstrahler\/#breadcrumb","itemListElement":[{"@type":"ListItem","position":1,"name":"Home","item":"https:\/\/behaaglijkverwarmen.nl\/de\/startseite\/"},{"@type":"ListItem","position":2,"name":"Shop","item":"https:\/\/behaaglijkverwarmen.nl\/de\/shop\/"},{"@type":"ListItem","position":3,"name":"Mini-Infrarotstrahler"}]},{"@type":"WebSite","@id":"https:\/\/behaaglijkverwarmen.nl\/de\/#website","url":"https:\/\/behaaglijkverwarmen.nl\/de\/","name":"Behaaglijk verwarmen","description":"","publisher":{"@id":"https:\/\/behaaglijkverwarmen.nl\/de\/#organization"},"potentialAction":[{"@type":"SearchAction","target":{"@type":"EntryPoint","urlTemplate":"https:\/\/behaaglijkverwarmen.nl\/de\/?s={search_term_string}"},"query-input":{"@type":"PropertyValueSpecification","valueRequired":true,"valueName":"search_term_string"}}],"inLanguage":"de"},{"@type":"Organization","@id":"https:\/\/behaaglijkverwarmen.nl\/de\/#organization","name":"Behaaglijk verwarmen","url":"https:\/\/behaaglijkverwarmen.nl\/de\/","logo":{"@type":"ImageObject","inLanguage":"de","@id":"https:\/\/behaaglijkverwarmen.nl\/de\/#\/schema\/logo\/image\/","url":"https:\/\/behaaglijkverwarmen.nl\/wp-content\/uploads\/2022\/10\/logo-behaaglijkverwarmenrsnoek.png","contentUrl":"https:\/\/behaaglijkverwarmen.nl\/wp-content\/uploads\/2022\/10\/logo-behaaglijkverwarmenrsnoek.png","width":1000,"height":266,"caption":"Behaaglijk verwarmen"},"image":{"@id":"https:\/\/behaaglijkverwarmen.nl\/de\/#\/schema\/logo\/image\/"}}]}},"_links":{"self":[{"href":"https:\/\/behaaglijkverwarmen.nl\/de\/wp-json\/wp\/v2\/product\/4085","targetHints":{"allow":["GET"]}}],"collection":[{"href":"https:\/\/behaaglijkverwarmen.nl\/de\/wp-json\/wp\/v2\/product"}],"about":[{"href":"https:\/\/behaaglijkverwarmen.nl\/de\/wp-json\/wp\/v2\/types\/product"}],"wp:featuredmedia":[{"embeddable":true,"href":"https:\/\/behaaglijkverwarmen.nl\/de\/wp-json\/wp\/v2\/media\/4086"}],"wp:attachment":[{"href":"https:\/\/behaaglijkverwarmen.nl\/de\/wp-json\/wp\/v2\/media?parent=4085"}],"wp:term":[{"taxonomy":"product_brand","embeddable":true,"href":"https:\/\/behaaglijkverwarmen.nl\/de\/wp-json\/wp\/v2\/product_brand?post=4085"},{"taxonomy":"product_cat","embeddable":true,"href":"https:\/\/behaaglijkverwarmen.nl\/de\/wp-json\/wp\/v2\/product_cat?post=4085"},{"taxonomy":"product_tag","embeddable":true,"href":"https:\/\/behaaglijkverwarmen.nl\/de\/wp-json\/wp\/v2\/product_tag?post=4085"}],"curies":[{"name":"wp","href":"https:\/\/api.w.org\/{rel}","templated":true}]}}