{"id":4165,"date":"2020-05-24T13:34:10","date_gmt":"2020-05-24T11:34:10","guid":{"rendered":"https:\/\/behaaglijkverwarmen.nl\/product\/benext-hausautomation\/"},"modified":"2026-01-15T08:19:16","modified_gmt":"2026-01-15T07:19:16","slug":"benext-hausautomation","status":"publish","type":"product","link":"https:\/\/behaaglijkverwarmen.nl\/de\/product\/benext-hausautomation\/","title":{"rendered":"Benext Hausautomation"},"content":{"rendered":"<p>Benext Home Automation kann alles in Ihrem Haus automatisieren oder fernsteuern.<br \/>\nHier ist alles m\u00f6glich, von der Steuerung Ihrer Beleuchtung bis hin zu Ihren Rolll\u00e4den, Ihrem Eingangstor oder Ihrer Heizung.<br \/>\nDies kann pro Produkt oder auf der Basis von Szenen geschehen, wobei alles mit einer Aktion in die von Ihnen gew\u00fcnschte Position f\u00fcr eine bestimmte Situation springt.<br \/>\nMit Benext k\u00f6nnen Sie auch Einblick in Ihren Energieverbrauch oder den Ertrag Ihrer Solarpaneele erhalten.<\/p>\n<p>Wir verwenden diese Hausautomation haupts\u00e4chlich zum Schutz der Hauptsicherung.<br \/>\nMit der wachsenden Zahl von Elektroger\u00e4ten wird diese Sicherung manchmal knapp, und Sie wollen nicht, dass sie durchbrennt.<br \/>\nMit der Hausautomation k\u00f6nnen Ger\u00e4te bei einer drohenden \u00dcberlastung vor\u00fcbergehend ausgeschaltet werden. Denken Sie an Heizkessel, Infrarotheizungen, Whirlpools usw. <\/p>\n<p>Da Benext Home Automation ein ma\u00dfgeschneidertes System ist, treffen wir uns gerne mit Ihnen, um Ihre Bed\u00fcrfnisse zu ermitteln.<\/p>\n","protected":false},"excerpt":{"rendered":"<p>Benext Home Automation kann alles in Ihrem Haus automatisieren oder fernsteuern. Hier ist alles m\u00f6glich, von der Steuerung Ihrer Beleuchtung bis hin zu Ihren Rolll\u00e4den, Ihrem Eingangstor oder Ihrer Heizung. Dies kann pro Produkt oder auf der Basis von Szenen geschehen, wobei alles mit einer Aktion in die von Ihnen gew\u00fcnschte Position f\u00fcr eine bestimmte [&#8230;]\n","protected":false},"featured_media":2029,"template":"","meta":[],"product_brand":[],"product_cat":[188],"product_tag":[],"class_list":{"0":"post-4165","1":"product","2":"type-product","3":"status-publish","4":"has-post-thumbnail","6":"product_cat-hausautomatisierung","7":"product_shipping_class-paket-bis-zu-2kg","9":"first","10":"instock","11":"taxable","12":"shipping-taxable","13":"purchasable","14":"product-type-simple"},"yoast_head":"<!-- This site is optimized with the Yoast SEO plugin v27.4 - https:\/\/yoast.com\/product\/yoast-seo-wordpress\/ -->\n<title>Benext Hausautomation - Behaaglijk verwarmen<\/title>\n<meta name=\"robots\" content=\"index, follow, max-snippet:-1, max-image-preview:large, max-video-preview:-1\" \/>\n<link rel=\"canonical\" href=\"https:\/\/behaaglijkverwarmen.nl\/de\/product\/benext-hausautomation\/\" \/>\n<meta property=\"og:locale\" content=\"de_DE\" \/>\n<meta property=\"og:type\" content=\"article\" \/>\n<meta property=\"og:title\" content=\"Benext Hausautomation - Behaaglijk verwarmen\" \/>\n<meta property=\"og:description\" content=\"Benext Home Automation kann alles in Ihrem Haus automatisieren oder fernsteuern. Hier ist alles m\u00f6glich, von der Steuerung Ihrer Beleuchtung bis hin zu Ihren Rolll\u00e4den, Ihrem Eingangstor oder Ihrer Heizung. Dies kann pro Produkt oder auf der Basis von Szenen geschehen, wobei alles mit einer Aktion in die von Ihnen gew\u00fcnschte Position f\u00fcr eine bestimmte [...]\" \/>\n<meta property=\"og:url\" content=\"https:\/\/behaaglijkverwarmen.nl\/de\/product\/benext-hausautomation\/\" \/>\n<meta property=\"og:site_name\" content=\"Behaaglijk verwarmen\" \/>\n<meta property=\"article:modified_time\" content=\"2026-01-15T07:19:16+00:00\" \/>\n<meta property=\"og:image\" content=\"https:\/\/behaaglijkverwarmen.nl\/wp-content\/uploads\/2020\/03\/loginlogo_png_500x277_q70.png\" \/>\n\t<meta property=\"og:image:width\" content=\"299\" \/>\n\t<meta property=\"og:image:height\" content=\"277\" \/>\n\t<meta property=\"og:image:type\" content=\"image\/png\" \/>\n<meta name=\"twitter:card\" content=\"summary_large_image\" \/>\n<meta name=\"twitter:label1\" content=\"Gesch\u00e4tzte Lesezeit\" \/>\n\t<meta name=\"twitter:data1\" content=\"1\u00a0Minute\" \/>\n<script type=\"application\/ld+json\" class=\"yoast-schema-graph\">{\"@context\":\"https:\\\/\\\/schema.org\",\"@graph\":[{\"@type\":\"WebPage\",\"@id\":\"https:\\\/\\\/behaaglijkverwarmen.nl\\\/de\\\/product\\\/benext-hausautomation\\\/\",\"url\":\"https:\\\/\\\/behaaglijkverwarmen.nl\\\/de\\\/product\\\/benext-hausautomation\\\/\",\"name\":\"Benext Hausautomation - Behaaglijk verwarmen\",\"isPartOf\":{\"@id\":\"https:\\\/\\\/behaaglijkverwarmen.nl\\\/de\\\/#website\"},\"primaryImageOfPage\":{\"@id\":\"https:\\\/\\\/behaaglijkverwarmen.nl\\\/de\\\/product\\\/benext-hausautomation\\\/#primaryimage\"},\"image\":{\"@id\":\"https:\\\/\\\/behaaglijkverwarmen.nl\\\/de\\\/product\\\/benext-hausautomation\\\/#primaryimage\"},\"thumbnailUrl\":\"https:\\\/\\\/behaaglijkverwarmen.nl\\\/wp-content\\\/uploads\\\/2020\\\/03\\\/loginlogo_png_500x277_q70.png\",\"datePublished\":\"2020-05-24T11:34:10+00:00\",\"dateModified\":\"2026-01-15T07:19:16+00:00\",\"breadcrumb\":{\"@id\":\"https:\\\/\\\/behaaglijkverwarmen.nl\\\/de\\\/product\\\/benext-hausautomation\\\/#breadcrumb\"},\"inLanguage\":\"de\",\"potentialAction\":[{\"@type\":\"ReadAction\",\"target\":[\"https:\\\/\\\/behaaglijkverwarmen.nl\\\/de\\\/product\\\/benext-hausautomation\\\/\"]}]},{\"@type\":\"ImageObject\",\"inLanguage\":\"de\",\"@id\":\"https:\\\/\\\/behaaglijkverwarmen.nl\\\/de\\\/product\\\/benext-hausautomation\\\/#primaryimage\",\"url\":\"https:\\\/\\\/behaaglijkverwarmen.nl\\\/wp-content\\\/uploads\\\/2020\\\/03\\\/loginlogo_png_500x277_q70.png\",\"contentUrl\":\"https:\\\/\\\/behaaglijkverwarmen.nl\\\/wp-content\\\/uploads\\\/2020\\\/03\\\/loginlogo_png_500x277_q70.png\",\"width\":299,\"height\":277},{\"@type\":\"BreadcrumbList\",\"@id\":\"https:\\\/\\\/behaaglijkverwarmen.nl\\\/de\\\/product\\\/benext-hausautomation\\\/#breadcrumb\",\"itemListElement\":[{\"@type\":\"ListItem\",\"position\":1,\"name\":\"Home\",\"item\":\"https:\\\/\\\/behaaglijkverwarmen.nl\\\/de\\\/startseite\\\/\"},{\"@type\":\"ListItem\",\"position\":2,\"name\":\"Shop\",\"item\":\"https:\\\/\\\/behaaglijkverwarmen.nl\\\/de\\\/shop\\\/\"},{\"@type\":\"ListItem\",\"position\":3,\"name\":\"Benext Hausautomation\"}]},{\"@type\":\"WebSite\",\"@id\":\"https:\\\/\\\/behaaglijkverwarmen.nl\\\/de\\\/#website\",\"url\":\"https:\\\/\\\/behaaglijkverwarmen.nl\\\/de\\\/\",\"name\":\"Behaaglijk verwarmen\",\"description\":\"\",\"publisher\":{\"@id\":\"https:\\\/\\\/behaaglijkverwarmen.nl\\\/de\\\/#organization\"},\"potentialAction\":[{\"@type\":\"SearchAction\",\"target\":{\"@type\":\"EntryPoint\",\"urlTemplate\":\"https:\\\/\\\/behaaglijkverwarmen.nl\\\/de\\\/?s={search_term_string}\"},\"query-input\":{\"@type\":\"PropertyValueSpecification\",\"valueRequired\":true,\"valueName\":\"search_term_string\"}}],\"inLanguage\":\"de\"},{\"@type\":\"Organization\",\"@id\":\"https:\\\/\\\/behaaglijkverwarmen.nl\\\/de\\\/#organization\",\"name\":\"Behaaglijk verwarmen\",\"url\":\"https:\\\/\\\/behaaglijkverwarmen.nl\\\/de\\\/\",\"logo\":{\"@type\":\"ImageObject\",\"inLanguage\":\"de\",\"@id\":\"https:\\\/\\\/behaaglijkverwarmen.nl\\\/de\\\/#\\\/schema\\\/logo\\\/image\\\/\",\"url\":\"https:\\\/\\\/behaaglijkverwarmen.nl\\\/wp-content\\\/uploads\\\/2022\\\/10\\\/logo-behaaglijkverwarmenrsnoek.png\",\"contentUrl\":\"https:\\\/\\\/behaaglijkverwarmen.nl\\\/wp-content\\\/uploads\\\/2022\\\/10\\\/logo-behaaglijkverwarmenrsnoek.png\",\"width\":1000,\"height\":266,\"caption\":\"Behaaglijk verwarmen\"},\"image\":{\"@id\":\"https:\\\/\\\/behaaglijkverwarmen.nl\\\/de\\\/#\\\/schema\\\/logo\\\/image\\\/\"}}]}<\/script>\n<!-- \/ Yoast SEO plugin. -->","yoast_head_json":{"title":"Benext Hausautomation - Behaaglijk verwarmen","robots":{"index":"index","follow":"follow","max-snippet":"max-snippet:-1","max-image-preview":"max-image-preview:large","max-video-preview":"max-video-preview:-1"},"canonical":"https:\/\/behaaglijkverwarmen.nl\/de\/product\/benext-hausautomation\/","og_locale":"de_DE","og_type":"article","og_title":"Benext Hausautomation - Behaaglijk verwarmen","og_description":"Benext Home Automation kann alles in Ihrem Haus automatisieren oder fernsteuern. Hier ist alles m\u00f6glich, von der Steuerung Ihrer Beleuchtung bis hin zu Ihren Rolll\u00e4den, Ihrem Eingangstor oder Ihrer Heizung. Dies kann pro Produkt oder auf der Basis von Szenen geschehen, wobei alles mit einer Aktion in die von Ihnen gew\u00fcnschte Position f\u00fcr eine bestimmte [...]","og_url":"https:\/\/behaaglijkverwarmen.nl\/de\/product\/benext-hausautomation\/","og_site_name":"Behaaglijk verwarmen","article_modified_time":"2026-01-15T07:19:16+00:00","og_image":[{"width":299,"height":277,"url":"https:\/\/behaaglijkverwarmen.nl\/wp-content\/uploads\/2020\/03\/loginlogo_png_500x277_q70.png","type":"image\/png"}],"twitter_card":"summary_large_image","twitter_misc":{"Gesch\u00e4tzte Lesezeit":"1\u00a0Minute"},"schema":{"@context":"https:\/\/schema.org","@graph":[{"@type":"WebPage","@id":"https:\/\/behaaglijkverwarmen.nl\/de\/product\/benext-hausautomation\/","url":"https:\/\/behaaglijkverwarmen.nl\/de\/product\/benext-hausautomation\/","name":"Benext Hausautomation - Behaaglijk verwarmen","isPartOf":{"@id":"https:\/\/behaaglijkverwarmen.nl\/de\/#website"},"primaryImageOfPage":{"@id":"https:\/\/behaaglijkverwarmen.nl\/de\/product\/benext-hausautomation\/#primaryimage"},"image":{"@id":"https:\/\/behaaglijkverwarmen.nl\/de\/product\/benext-hausautomation\/#primaryimage"},"thumbnailUrl":"https:\/\/behaaglijkverwarmen.nl\/wp-content\/uploads\/2020\/03\/loginlogo_png_500x277_q70.png","datePublished":"2020-05-24T11:34:10+00:00","dateModified":"2026-01-15T07:19:16+00:00","breadcrumb":{"@id":"https:\/\/behaaglijkverwarmen.nl\/de\/product\/benext-hausautomation\/#breadcrumb"},"inLanguage":"de","potentialAction":[{"@type":"ReadAction","target":["https:\/\/behaaglijkverwarmen.nl\/de\/product\/benext-hausautomation\/"]}]},{"@type":"ImageObject","inLanguage":"de","@id":"https:\/\/behaaglijkverwarmen.nl\/de\/product\/benext-hausautomation\/#primaryimage","url":"https:\/\/behaaglijkverwarmen.nl\/wp-content\/uploads\/2020\/03\/loginlogo_png_500x277_q70.png","contentUrl":"https:\/\/behaaglijkverwarmen.nl\/wp-content\/uploads\/2020\/03\/loginlogo_png_500x277_q70.png","width":299,"height":277},{"@type":"BreadcrumbList","@id":"https:\/\/behaaglijkverwarmen.nl\/de\/product\/benext-hausautomation\/#breadcrumb","itemListElement":[{"@type":"ListItem","position":1,"name":"Home","item":"https:\/\/behaaglijkverwarmen.nl\/de\/startseite\/"},{"@type":"ListItem","position":2,"name":"Shop","item":"https:\/\/behaaglijkverwarmen.nl\/de\/shop\/"},{"@type":"ListItem","position":3,"name":"Benext Hausautomation"}]},{"@type":"WebSite","@id":"https:\/\/behaaglijkverwarmen.nl\/de\/#website","url":"https:\/\/behaaglijkverwarmen.nl\/de\/","name":"Behaaglijk verwarmen","description":"","publisher":{"@id":"https:\/\/behaaglijkverwarmen.nl\/de\/#organization"},"potentialAction":[{"@type":"SearchAction","target":{"@type":"EntryPoint","urlTemplate":"https:\/\/behaaglijkverwarmen.nl\/de\/?s={search_term_string}"},"query-input":{"@type":"PropertyValueSpecification","valueRequired":true,"valueName":"search_term_string"}}],"inLanguage":"de"},{"@type":"Organization","@id":"https:\/\/behaaglijkverwarmen.nl\/de\/#organization","name":"Behaaglijk verwarmen","url":"https:\/\/behaaglijkverwarmen.nl\/de\/","logo":{"@type":"ImageObject","inLanguage":"de","@id":"https:\/\/behaaglijkverwarmen.nl\/de\/#\/schema\/logo\/image\/","url":"https:\/\/behaaglijkverwarmen.nl\/wp-content\/uploads\/2022\/10\/logo-behaaglijkverwarmenrsnoek.png","contentUrl":"https:\/\/behaaglijkverwarmen.nl\/wp-content\/uploads\/2022\/10\/logo-behaaglijkverwarmenrsnoek.png","width":1000,"height":266,"caption":"Behaaglijk verwarmen"},"image":{"@id":"https:\/\/behaaglijkverwarmen.nl\/de\/#\/schema\/logo\/image\/"}}]}},"_links":{"self":[{"href":"https:\/\/behaaglijkverwarmen.nl\/de\/wp-json\/wp\/v2\/product\/4165","targetHints":{"allow":["GET"]}}],"collection":[{"href":"https:\/\/behaaglijkverwarmen.nl\/de\/wp-json\/wp\/v2\/product"}],"about":[{"href":"https:\/\/behaaglijkverwarmen.nl\/de\/wp-json\/wp\/v2\/types\/product"}],"wp:featuredmedia":[{"embeddable":true,"href":"https:\/\/behaaglijkverwarmen.nl\/de\/wp-json\/wp\/v2\/media\/2029"}],"wp:attachment":[{"href":"https:\/\/behaaglijkverwarmen.nl\/de\/wp-json\/wp\/v2\/media?parent=4165"}],"wp:term":[{"taxonomy":"product_brand","embeddable":true,"href":"https:\/\/behaaglijkverwarmen.nl\/de\/wp-json\/wp\/v2\/product_brand?post=4165"},{"taxonomy":"product_cat","embeddable":true,"href":"https:\/\/behaaglijkverwarmen.nl\/de\/wp-json\/wp\/v2\/product_cat?post=4165"},{"taxonomy":"product_tag","embeddable":true,"href":"https:\/\/behaaglijkverwarmen.nl\/de\/wp-json\/wp\/v2\/product_tag?post=4165"}],"curies":[{"name":"wp","href":"https:\/\/api.w.org\/{rel}","templated":true}]}}