{"id":4167,"date":"2020-11-29T10:28:56","date_gmt":"2020-11-29T09:28:56","guid":{"rendered":"https:\/\/behaaglijkverwarmen.nl\/product\/brise-c360-luftreiniger\/"},"modified":"2020-11-29T10:28:56","modified_gmt":"2020-11-29T09:28:56","slug":"brise-c360-luftreiniger","status":"publish","type":"product","link":"https:\/\/behaaglijkverwarmen.nl\/de\/product\/brise-c360-luftreiniger\/","title":{"rendered":"Brise C360 Luftreiniger"},"content":{"rendered":"<p>Der gr\u00f6\u00dfere Bruder des C200.<br \/>\nDer C360 bietet Ihnen dank seines \u00fcbersichtlichen Displays noch mehr Einblick in die Luftqualit\u00e4t in Ihrem Zuhause.<\/p>\n","protected":false},"excerpt":{"rendered":"<p>Der gr\u00f6\u00dfere Bruder des C200. Der C360 bietet Ihnen dank seines \u00fcbersichtlichen Displays noch mehr Einblick in die Luftqualit\u00e4t in Ihrem Zuhause.<\/p>\n","protected":false},"featured_media":4168,"template":"","meta":[],"product_brand":[149],"product_cat":[240],"product_tag":[],"class_list":{"0":"post-4167","1":"product","2":"type-product","3":"status-publish","4":"has-post-thumbnail","6":"product_brand-brise","7":"product_cat-luftreiniger","8":"product_shipping_class-paket-bis-zu-20kg","10":"first","11":"instock","12":"taxable","13":"shipping-taxable","14":"purchasable","15":"product-type-simple"},"yoast_head":"<!-- This site is optimized with the Yoast SEO plugin v27.4 - https:\/\/yoast.com\/product\/yoast-seo-wordpress\/ -->\n<title>Brise C360 Luftreiniger - Behaaglijk verwarmen<\/title>\n<meta name=\"robots\" content=\"index, follow, max-snippet:-1, max-image-preview:large, max-video-preview:-1\" \/>\n<link rel=\"canonical\" href=\"https:\/\/behaaglijkverwarmen.nl\/de\/product\/brise-c360-luftreiniger\/\" \/>\n<meta property=\"og:locale\" content=\"de_DE\" \/>\n<meta property=\"og:type\" content=\"article\" \/>\n<meta property=\"og:title\" content=\"Brise C360 Luftreiniger - Behaaglijk verwarmen\" \/>\n<meta property=\"og:description\" content=\"Der gr\u00f6\u00dfere Bruder des C200. Der C360 bietet Ihnen dank seines \u00fcbersichtlichen Displays noch mehr Einblick in die Luftqualit\u00e4t in Ihrem Zuhause.\" \/>\n<meta property=\"og:url\" content=\"https:\/\/behaaglijkverwarmen.nl\/de\/product\/brise-c360-luftreiniger\/\" \/>\n<meta property=\"og:site_name\" content=\"Behaaglijk verwarmen\" \/>\n<meta property=\"og:image\" content=\"https:\/\/behaaglijkverwarmen.nl\/wp-content\/uploads\/2020\/11\/IMG-20200430-WA0001.jpg\" \/>\n\t<meta property=\"og:image:width\" content=\"1200\" \/>\n\t<meta property=\"og:image:height\" content=\"1600\" \/>\n\t<meta property=\"og:image:type\" content=\"image\/jpeg\" \/>\n<meta name=\"twitter:card\" content=\"summary_large_image\" \/>\n<script type=\"application\/ld+json\" class=\"yoast-schema-graph\">{\"@context\":\"https:\\\/\\\/schema.org\",\"@graph\":[{\"@type\":\"WebPage\",\"@id\":\"https:\\\/\\\/behaaglijkverwarmen.nl\\\/de\\\/product\\\/brise-c360-luftreiniger\\\/\",\"url\":\"https:\\\/\\\/behaaglijkverwarmen.nl\\\/de\\\/product\\\/brise-c360-luftreiniger\\\/\",\"name\":\"Brise C360 Luftreiniger - Behaaglijk verwarmen\",\"isPartOf\":{\"@id\":\"https:\\\/\\\/behaaglijkverwarmen.nl\\\/de\\\/#website\"},\"primaryImageOfPage\":{\"@id\":\"https:\\\/\\\/behaaglijkverwarmen.nl\\\/de\\\/product\\\/brise-c360-luftreiniger\\\/#primaryimage\"},\"image\":{\"@id\":\"https:\\\/\\\/behaaglijkverwarmen.nl\\\/de\\\/product\\\/brise-c360-luftreiniger\\\/#primaryimage\"},\"thumbnailUrl\":\"https:\\\/\\\/behaaglijkverwarmen.nl\\\/wp-content\\\/uploads\\\/2020\\\/11\\\/IMG-20200430-WA0001.jpg\",\"datePublished\":\"2020-11-29T09:28:56+00:00\",\"breadcrumb\":{\"@id\":\"https:\\\/\\\/behaaglijkverwarmen.nl\\\/de\\\/product\\\/brise-c360-luftreiniger\\\/#breadcrumb\"},\"inLanguage\":\"de\",\"potentialAction\":[{\"@type\":\"ReadAction\",\"target\":[\"https:\\\/\\\/behaaglijkverwarmen.nl\\\/de\\\/product\\\/brise-c360-luftreiniger\\\/\"]}]},{\"@type\":\"ImageObject\",\"inLanguage\":\"de\",\"@id\":\"https:\\\/\\\/behaaglijkverwarmen.nl\\\/de\\\/product\\\/brise-c360-luftreiniger\\\/#primaryimage\",\"url\":\"https:\\\/\\\/behaaglijkverwarmen.nl\\\/wp-content\\\/uploads\\\/2020\\\/11\\\/IMG-20200430-WA0001.jpg\",\"contentUrl\":\"https:\\\/\\\/behaaglijkverwarmen.nl\\\/wp-content\\\/uploads\\\/2020\\\/11\\\/IMG-20200430-WA0001.jpg\",\"width\":1200,\"height\":1600,\"caption\":\"C360\"},{\"@type\":\"BreadcrumbList\",\"@id\":\"https:\\\/\\\/behaaglijkverwarmen.nl\\\/de\\\/product\\\/brise-c360-luftreiniger\\\/#breadcrumb\",\"itemListElement\":[{\"@type\":\"ListItem\",\"position\":1,\"name\":\"Home\",\"item\":\"https:\\\/\\\/behaaglijkverwarmen.nl\\\/de\\\/startseite\\\/\"},{\"@type\":\"ListItem\",\"position\":2,\"name\":\"Shop\",\"item\":\"https:\\\/\\\/behaaglijkverwarmen.nl\\\/de\\\/shop\\\/\"},{\"@type\":\"ListItem\",\"position\":3,\"name\":\"Brise C360 Luftreiniger\"}]},{\"@type\":\"WebSite\",\"@id\":\"https:\\\/\\\/behaaglijkverwarmen.nl\\\/de\\\/#website\",\"url\":\"https:\\\/\\\/behaaglijkverwarmen.nl\\\/de\\\/\",\"name\":\"Behaaglijk verwarmen\",\"description\":\"\",\"publisher\":{\"@id\":\"https:\\\/\\\/behaaglijkverwarmen.nl\\\/de\\\/#organization\"},\"potentialAction\":[{\"@type\":\"SearchAction\",\"target\":{\"@type\":\"EntryPoint\",\"urlTemplate\":\"https:\\\/\\\/behaaglijkverwarmen.nl\\\/de\\\/?s={search_term_string}\"},\"query-input\":{\"@type\":\"PropertyValueSpecification\",\"valueRequired\":true,\"valueName\":\"search_term_string\"}}],\"inLanguage\":\"de\"},{\"@type\":\"Organization\",\"@id\":\"https:\\\/\\\/behaaglijkverwarmen.nl\\\/de\\\/#organization\",\"name\":\"Behaaglijk verwarmen\",\"url\":\"https:\\\/\\\/behaaglijkverwarmen.nl\\\/de\\\/\",\"logo\":{\"@type\":\"ImageObject\",\"inLanguage\":\"de\",\"@id\":\"https:\\\/\\\/behaaglijkverwarmen.nl\\\/de\\\/#\\\/schema\\\/logo\\\/image\\\/\",\"url\":\"https:\\\/\\\/behaaglijkverwarmen.nl\\\/wp-content\\\/uploads\\\/2022\\\/10\\\/logo-behaaglijkverwarmenrsnoek.png\",\"contentUrl\":\"https:\\\/\\\/behaaglijkverwarmen.nl\\\/wp-content\\\/uploads\\\/2022\\\/10\\\/logo-behaaglijkverwarmenrsnoek.png\",\"width\":1000,\"height\":266,\"caption\":\"Behaaglijk verwarmen\"},\"image\":{\"@id\":\"https:\\\/\\\/behaaglijkverwarmen.nl\\\/de\\\/#\\\/schema\\\/logo\\\/image\\\/\"}}]}<\/script>\n<!-- \/ Yoast SEO plugin. -->","yoast_head_json":{"title":"Brise C360 Luftreiniger - Behaaglijk verwarmen","robots":{"index":"index","follow":"follow","max-snippet":"max-snippet:-1","max-image-preview":"max-image-preview:large","max-video-preview":"max-video-preview:-1"},"canonical":"https:\/\/behaaglijkverwarmen.nl\/de\/product\/brise-c360-luftreiniger\/","og_locale":"de_DE","og_type":"article","og_title":"Brise C360 Luftreiniger - Behaaglijk verwarmen","og_description":"Der gr\u00f6\u00dfere Bruder des C200. Der C360 bietet Ihnen dank seines \u00fcbersichtlichen Displays noch mehr Einblick in die Luftqualit\u00e4t in Ihrem Zuhause.","og_url":"https:\/\/behaaglijkverwarmen.nl\/de\/product\/brise-c360-luftreiniger\/","og_site_name":"Behaaglijk verwarmen","og_image":[{"width":1200,"height":1600,"url":"https:\/\/behaaglijkverwarmen.nl\/wp-content\/uploads\/2020\/11\/IMG-20200430-WA0001.jpg","type":"image\/jpeg"}],"twitter_card":"summary_large_image","schema":{"@context":"https:\/\/schema.org","@graph":[{"@type":"WebPage","@id":"https:\/\/behaaglijkverwarmen.nl\/de\/product\/brise-c360-luftreiniger\/","url":"https:\/\/behaaglijkverwarmen.nl\/de\/product\/brise-c360-luftreiniger\/","name":"Brise C360 Luftreiniger - Behaaglijk verwarmen","isPartOf":{"@id":"https:\/\/behaaglijkverwarmen.nl\/de\/#website"},"primaryImageOfPage":{"@id":"https:\/\/behaaglijkverwarmen.nl\/de\/product\/brise-c360-luftreiniger\/#primaryimage"},"image":{"@id":"https:\/\/behaaglijkverwarmen.nl\/de\/product\/brise-c360-luftreiniger\/#primaryimage"},"thumbnailUrl":"https:\/\/behaaglijkverwarmen.nl\/wp-content\/uploads\/2020\/11\/IMG-20200430-WA0001.jpg","datePublished":"2020-11-29T09:28:56+00:00","breadcrumb":{"@id":"https:\/\/behaaglijkverwarmen.nl\/de\/product\/brise-c360-luftreiniger\/#breadcrumb"},"inLanguage":"de","potentialAction":[{"@type":"ReadAction","target":["https:\/\/behaaglijkverwarmen.nl\/de\/product\/brise-c360-luftreiniger\/"]}]},{"@type":"ImageObject","inLanguage":"de","@id":"https:\/\/behaaglijkverwarmen.nl\/de\/product\/brise-c360-luftreiniger\/#primaryimage","url":"https:\/\/behaaglijkverwarmen.nl\/wp-content\/uploads\/2020\/11\/IMG-20200430-WA0001.jpg","contentUrl":"https:\/\/behaaglijkverwarmen.nl\/wp-content\/uploads\/2020\/11\/IMG-20200430-WA0001.jpg","width":1200,"height":1600,"caption":"C360"},{"@type":"BreadcrumbList","@id":"https:\/\/behaaglijkverwarmen.nl\/de\/product\/brise-c360-luftreiniger\/#breadcrumb","itemListElement":[{"@type":"ListItem","position":1,"name":"Home","item":"https:\/\/behaaglijkverwarmen.nl\/de\/startseite\/"},{"@type":"ListItem","position":2,"name":"Shop","item":"https:\/\/behaaglijkverwarmen.nl\/de\/shop\/"},{"@type":"ListItem","position":3,"name":"Brise C360 Luftreiniger"}]},{"@type":"WebSite","@id":"https:\/\/behaaglijkverwarmen.nl\/de\/#website","url":"https:\/\/behaaglijkverwarmen.nl\/de\/","name":"Behaaglijk verwarmen","description":"","publisher":{"@id":"https:\/\/behaaglijkverwarmen.nl\/de\/#organization"},"potentialAction":[{"@type":"SearchAction","target":{"@type":"EntryPoint","urlTemplate":"https:\/\/behaaglijkverwarmen.nl\/de\/?s={search_term_string}"},"query-input":{"@type":"PropertyValueSpecification","valueRequired":true,"valueName":"search_term_string"}}],"inLanguage":"de"},{"@type":"Organization","@id":"https:\/\/behaaglijkverwarmen.nl\/de\/#organization","name":"Behaaglijk verwarmen","url":"https:\/\/behaaglijkverwarmen.nl\/de\/","logo":{"@type":"ImageObject","inLanguage":"de","@id":"https:\/\/behaaglijkverwarmen.nl\/de\/#\/schema\/logo\/image\/","url":"https:\/\/behaaglijkverwarmen.nl\/wp-content\/uploads\/2022\/10\/logo-behaaglijkverwarmenrsnoek.png","contentUrl":"https:\/\/behaaglijkverwarmen.nl\/wp-content\/uploads\/2022\/10\/logo-behaaglijkverwarmenrsnoek.png","width":1000,"height":266,"caption":"Behaaglijk verwarmen"},"image":{"@id":"https:\/\/behaaglijkverwarmen.nl\/de\/#\/schema\/logo\/image\/"}}]}},"_links":{"self":[{"href":"https:\/\/behaaglijkverwarmen.nl\/de\/wp-json\/wp\/v2\/product\/4167","targetHints":{"allow":["GET"]}}],"collection":[{"href":"https:\/\/behaaglijkverwarmen.nl\/de\/wp-json\/wp\/v2\/product"}],"about":[{"href":"https:\/\/behaaglijkverwarmen.nl\/de\/wp-json\/wp\/v2\/types\/product"}],"wp:featuredmedia":[{"embeddable":true,"href":"https:\/\/behaaglijkverwarmen.nl\/de\/wp-json\/wp\/v2\/media\/4168"}],"wp:attachment":[{"href":"https:\/\/behaaglijkverwarmen.nl\/de\/wp-json\/wp\/v2\/media?parent=4167"}],"wp:term":[{"taxonomy":"product_brand","embeddable":true,"href":"https:\/\/behaaglijkverwarmen.nl\/de\/wp-json\/wp\/v2\/product_brand?post=4167"},{"taxonomy":"product_cat","embeddable":true,"href":"https:\/\/behaaglijkverwarmen.nl\/de\/wp-json\/wp\/v2\/product_cat?post=4167"},{"taxonomy":"product_tag","embeddable":true,"href":"https:\/\/behaaglijkverwarmen.nl\/de\/wp-json\/wp\/v2\/product_tag?post=4167"}],"curies":[{"name":"wp","href":"https:\/\/api.w.org\/{rel}","templated":true}]}}