{"id":4174,"date":"2020-05-22T09:54:44","date_gmt":"2020-05-22T07:54:44","guid":{"rendered":"https:\/\/behaaglijkverwarmen.nl\/product\/infrarotheizung-mit-bild\/"},"modified":"2026-01-15T08:19:25","modified_gmt":"2026-01-15T07:19:25","slug":"infrarotheizung-mit-bild","status":"publish","type":"product","link":"https:\/\/behaaglijkverwarmen.nl\/de\/product\/infrarotheizung-mit-bild\/","title":{"rendered":"Infrarotheizung mit Bild"},"content":{"rendered":"<p>Die Slimline Infrarotheizung ist mit einer Reihe von Standardbildern (Stock) erh\u00e4ltlich.<br \/>\nWenn Sie Ihr eigenes Bild oder Foto bevorzugen, ist alles m\u00f6glich, Preise f\u00fcr individuelle Bilder auf Anfrage.<\/p>\n<p>Die Paneele k\u00f6nnen im Hoch- und Querformat montiert werden, die Farbe kann gl\u00e4nzend oder matt sein.<br \/>\nBesuchen Sie unseren Ausstellungsraum, um sich inspirieren zu lassen.<\/p>\n","protected":false},"excerpt":{"rendered":"<p>Die Slimline Infrarotheizung ist mit einer Reihe von Standardbildern (Stock) erh\u00e4ltlich. Wenn Sie Ihr eigenes Bild oder Foto bevorzugen, ist alles m\u00f6glich, Preise f\u00fcr individuelle Bilder auf Anfrage. Die Paneele k\u00f6nnen im Hoch- und Querformat montiert werden, die Farbe kann gl\u00e4nzend oder matt sein. Besuchen Sie unseren Ausstellungsraum, um sich inspirieren zu lassen.<\/p>\n","protected":false},"featured_media":4175,"template":"","meta":[],"product_brand":[],"product_cat":[217],"product_tag":[],"class_list":{"0":"post-4174","1":"product","2":"type-product","3":"status-publish","4":"has-post-thumbnail","6":"product_cat-infrarot-heizpaneele","7":"product_shipping_class-paket-bis-zu-20kg","9":"first","10":"instock","11":"taxable","12":"shipping-taxable","13":"purchasable","14":"product-type-variable"},"yoast_head":"<!-- This site is optimized with the Yoast SEO plugin v27.4 - https:\/\/yoast.com\/product\/yoast-seo-wordpress\/ -->\n<title>Infrarotheizung mit Bild - Behaaglijk verwarmen<\/title>\n<meta name=\"robots\" content=\"index, follow, max-snippet:-1, max-image-preview:large, max-video-preview:-1\" \/>\n<link rel=\"canonical\" href=\"https:\/\/behaaglijkverwarmen.nl\/de\/product\/infrarotheizung-mit-bild\/\" \/>\n<meta property=\"og:locale\" content=\"de_DE\" \/>\n<meta property=\"og:type\" content=\"article\" \/>\n<meta property=\"og:title\" content=\"Infrarotheizung mit Bild - Behaaglijk verwarmen\" \/>\n<meta property=\"og:description\" content=\"Die Slimline Infrarotheizung ist mit einer Reihe von Standardbildern (Stock) erh\u00e4ltlich. Wenn Sie Ihr eigenes Bild oder Foto bevorzugen, ist alles m\u00f6glich, Preise f\u00fcr individuelle Bilder auf Anfrage. Die Paneele k\u00f6nnen im Hoch- und Querformat montiert werden, die Farbe kann gl\u00e4nzend oder matt sein. Besuchen Sie unseren Ausstellungsraum, um sich inspirieren zu lassen.\" \/>\n<meta property=\"og:url\" content=\"https:\/\/behaaglijkverwarmen.nl\/de\/product\/infrarotheizung-mit-bild\/\" \/>\n<meta property=\"og:site_name\" content=\"Behaaglijk verwarmen\" \/>\n<meta property=\"article:modified_time\" content=\"2026-01-15T07:19:25+00:00\" \/>\n<meta property=\"og:image\" content=\"https:\/\/behaaglijkverwarmen.nl\/wp-content\/uploads\/2020\/05\/HH_2-scaled-1.jpg\" \/>\n\t<meta property=\"og:image:width\" content=\"2560\" \/>\n\t<meta property=\"og:image:height\" content=\"1708\" \/>\n\t<meta property=\"og:image:type\" content=\"image\/jpeg\" \/>\n<meta name=\"twitter:card\" content=\"summary_large_image\" \/>\n<script type=\"application\/ld+json\" class=\"yoast-schema-graph\">{\"@context\":\"https:\\\/\\\/schema.org\",\"@graph\":[{\"@type\":\"WebPage\",\"@id\":\"https:\\\/\\\/behaaglijkverwarmen.nl\\\/de\\\/product\\\/infrarotheizung-mit-bild\\\/\",\"url\":\"https:\\\/\\\/behaaglijkverwarmen.nl\\\/de\\\/product\\\/infrarotheizung-mit-bild\\\/\",\"name\":\"Infrarotheizung mit Bild - Behaaglijk verwarmen\",\"isPartOf\":{\"@id\":\"https:\\\/\\\/behaaglijkverwarmen.nl\\\/de\\\/#website\"},\"primaryImageOfPage\":{\"@id\":\"https:\\\/\\\/behaaglijkverwarmen.nl\\\/de\\\/product\\\/infrarotheizung-mit-bild\\\/#primaryimage\"},\"image\":{\"@id\":\"https:\\\/\\\/behaaglijkverwarmen.nl\\\/de\\\/product\\\/infrarotheizung-mit-bild\\\/#primaryimage\"},\"thumbnailUrl\":\"https:\\\/\\\/behaaglijkverwarmen.nl\\\/wp-content\\\/uploads\\\/2020\\\/05\\\/HH_2-scaled-1.jpg\",\"datePublished\":\"2020-05-22T07:54:44+00:00\",\"dateModified\":\"2026-01-15T07:19:25+00:00\",\"breadcrumb\":{\"@id\":\"https:\\\/\\\/behaaglijkverwarmen.nl\\\/de\\\/product\\\/infrarotheizung-mit-bild\\\/#breadcrumb\"},\"inLanguage\":\"de\",\"potentialAction\":[{\"@type\":\"ReadAction\",\"target\":[\"https:\\\/\\\/behaaglijkverwarmen.nl\\\/de\\\/product\\\/infrarotheizung-mit-bild\\\/\"]}]},{\"@type\":\"ImageObject\",\"inLanguage\":\"de\",\"@id\":\"https:\\\/\\\/behaaglijkverwarmen.nl\\\/de\\\/product\\\/infrarotheizung-mit-bild\\\/#primaryimage\",\"url\":\"https:\\\/\\\/behaaglijkverwarmen.nl\\\/wp-content\\\/uploads\\\/2020\\\/05\\\/HH_2-scaled-1.jpg\",\"contentUrl\":\"https:\\\/\\\/behaaglijkverwarmen.nl\\\/wp-content\\\/uploads\\\/2020\\\/05\\\/HH_2-scaled-1.jpg\",\"width\":2560,\"height\":1708,\"caption\":\"Bei Ver\u00f6ffentlichung ist der Urhebervermerk gem. \u00a7 13 UrhG: *Foto \u00a9 Hauke Hass* verpflichtend. Gem. \u00a7 95c UrhG d\u00fcrfen von Rechtsinhabern stammende Informationen f\u00fcr die Rechtewahrnehmung aus den Metadaten nicht entfernt oder ver\u00e4ndert werden. [Die Nutzung ist im Print- und im Onlinebereich honorarpflichtig gemaess aktueller MFM-Empfehlungen. Anstrich oder Rechnung nur nach Ruecksprache! Bitte als Fotocredit *\u00a9 HAUKE HASS* angeben. Veroeffentlichung nur mit korrektem Urhebervermerk, Beleg und Honorierung. KEINE MODELLVER\u00d6FFENTLICHUNG - bei Verwendung des Fotos ausserhalb journalistischer Zwecke bitte Ruecksprache halten - Foto ist honorarpflichtig! \\\/ Weitere Motive\\\/Other motifs: www.hh-photography.de . \\\/ email: info@hh-photography.de . Hauke Hass, Erdkampsweg 102, D-22335 Hamburg . Fon +49 (0)40\\\/60875535, Mobil: +49 (0)177\\\/324 65 23 \\\/\\\/ Die Verwendung der Fotos im Druck oder online ist honorarpflichtig gem\u00e4\u00df den Empfehlungen der aktuellen MFM-Preisliste. Abweichungen von diesen Geb\u00fchren oder die Ausstellung einer Rechnung m\u00fcssen vereinbart werden. Bitte geben Sie den Fotonachweis als *\u00a9 HAUKE HASS* an. Wenn ein Foto ver\u00f6ffentlicht werden soll, sind ein korrekter Hinweis auf das Copyright, ein kostenloses Belegexemplar und die Zahlung des Honorars erforderlich. Wenn das Foto f\u00fcr andere als redaktionelle Zwecke verwendet werden soll, holen Sie bitte die Genehmigung der Agentur ein].\"},{\"@type\":\"BreadcrumbList\",\"@id\":\"https:\\\/\\\/behaaglijkverwarmen.nl\\\/de\\\/product\\\/infrarotheizung-mit-bild\\\/#breadcrumb\",\"itemListElement\":[{\"@type\":\"ListItem\",\"position\":1,\"name\":\"Home\",\"item\":\"https:\\\/\\\/behaaglijkverwarmen.nl\\\/de\\\/startseite\\\/\"},{\"@type\":\"ListItem\",\"position\":2,\"name\":\"Shop\",\"item\":\"https:\\\/\\\/behaaglijkverwarmen.nl\\\/de\\\/shop\\\/\"},{\"@type\":\"ListItem\",\"position\":3,\"name\":\"Infrarotheizung mit Bild\"}]},{\"@type\":\"WebSite\",\"@id\":\"https:\\\/\\\/behaaglijkverwarmen.nl\\\/de\\\/#website\",\"url\":\"https:\\\/\\\/behaaglijkverwarmen.nl\\\/de\\\/\",\"name\":\"Behaaglijk verwarmen\",\"description\":\"\",\"publisher\":{\"@id\":\"https:\\\/\\\/behaaglijkverwarmen.nl\\\/de\\\/#organization\"},\"potentialAction\":[{\"@type\":\"SearchAction\",\"target\":{\"@type\":\"EntryPoint\",\"urlTemplate\":\"https:\\\/\\\/behaaglijkverwarmen.nl\\\/de\\\/?s={search_term_string}\"},\"query-input\":{\"@type\":\"PropertyValueSpecification\",\"valueRequired\":true,\"valueName\":\"search_term_string\"}}],\"inLanguage\":\"de\"},{\"@type\":\"Organization\",\"@id\":\"https:\\\/\\\/behaaglijkverwarmen.nl\\\/de\\\/#organization\",\"name\":\"Behaaglijk verwarmen\",\"url\":\"https:\\\/\\\/behaaglijkverwarmen.nl\\\/de\\\/\",\"logo\":{\"@type\":\"ImageObject\",\"inLanguage\":\"de\",\"@id\":\"https:\\\/\\\/behaaglijkverwarmen.nl\\\/de\\\/#\\\/schema\\\/logo\\\/image\\\/\",\"url\":\"https:\\\/\\\/behaaglijkverwarmen.nl\\\/wp-content\\\/uploads\\\/2022\\\/10\\\/logo-behaaglijkverwarmenrsnoek.png\",\"contentUrl\":\"https:\\\/\\\/behaaglijkverwarmen.nl\\\/wp-content\\\/uploads\\\/2022\\\/10\\\/logo-behaaglijkverwarmenrsnoek.png\",\"width\":1000,\"height\":266,\"caption\":\"Behaaglijk verwarmen\"},\"image\":{\"@id\":\"https:\\\/\\\/behaaglijkverwarmen.nl\\\/de\\\/#\\\/schema\\\/logo\\\/image\\\/\"}}]}<\/script>\n<!-- \/ Yoast SEO plugin. -->","yoast_head_json":{"title":"Infrarotheizung mit Bild - Behaaglijk verwarmen","robots":{"index":"index","follow":"follow","max-snippet":"max-snippet:-1","max-image-preview":"max-image-preview:large","max-video-preview":"max-video-preview:-1"},"canonical":"https:\/\/behaaglijkverwarmen.nl\/de\/product\/infrarotheizung-mit-bild\/","og_locale":"de_DE","og_type":"article","og_title":"Infrarotheizung mit Bild - Behaaglijk verwarmen","og_description":"Die Slimline Infrarotheizung ist mit einer Reihe von Standardbildern (Stock) erh\u00e4ltlich. Wenn Sie Ihr eigenes Bild oder Foto bevorzugen, ist alles m\u00f6glich, Preise f\u00fcr individuelle Bilder auf Anfrage. Die Paneele k\u00f6nnen im Hoch- und Querformat montiert werden, die Farbe kann gl\u00e4nzend oder matt sein. Besuchen Sie unseren Ausstellungsraum, um sich inspirieren zu lassen.","og_url":"https:\/\/behaaglijkverwarmen.nl\/de\/product\/infrarotheizung-mit-bild\/","og_site_name":"Behaaglijk verwarmen","article_modified_time":"2026-01-15T07:19:25+00:00","og_image":[{"width":2560,"height":1708,"url":"https:\/\/behaaglijkverwarmen.nl\/wp-content\/uploads\/2020\/05\/HH_2-scaled-1.jpg","type":"image\/jpeg"}],"twitter_card":"summary_large_image","schema":{"@context":"https:\/\/schema.org","@graph":[{"@type":"WebPage","@id":"https:\/\/behaaglijkverwarmen.nl\/de\/product\/infrarotheizung-mit-bild\/","url":"https:\/\/behaaglijkverwarmen.nl\/de\/product\/infrarotheizung-mit-bild\/","name":"Infrarotheizung mit Bild - Behaaglijk verwarmen","isPartOf":{"@id":"https:\/\/behaaglijkverwarmen.nl\/de\/#website"},"primaryImageOfPage":{"@id":"https:\/\/behaaglijkverwarmen.nl\/de\/product\/infrarotheizung-mit-bild\/#primaryimage"},"image":{"@id":"https:\/\/behaaglijkverwarmen.nl\/de\/product\/infrarotheizung-mit-bild\/#primaryimage"},"thumbnailUrl":"https:\/\/behaaglijkverwarmen.nl\/wp-content\/uploads\/2020\/05\/HH_2-scaled-1.jpg","datePublished":"2020-05-22T07:54:44+00:00","dateModified":"2026-01-15T07:19:25+00:00","breadcrumb":{"@id":"https:\/\/behaaglijkverwarmen.nl\/de\/product\/infrarotheizung-mit-bild\/#breadcrumb"},"inLanguage":"de","potentialAction":[{"@type":"ReadAction","target":["https:\/\/behaaglijkverwarmen.nl\/de\/product\/infrarotheizung-mit-bild\/"]}]},{"@type":"ImageObject","inLanguage":"de","@id":"https:\/\/behaaglijkverwarmen.nl\/de\/product\/infrarotheizung-mit-bild\/#primaryimage","url":"https:\/\/behaaglijkverwarmen.nl\/wp-content\/uploads\/2020\/05\/HH_2-scaled-1.jpg","contentUrl":"https:\/\/behaaglijkverwarmen.nl\/wp-content\/uploads\/2020\/05\/HH_2-scaled-1.jpg","width":2560,"height":1708,"caption":"Bei Ver\u00f6ffentlichung ist der Urhebervermerk gem. \u00a7 13 UrhG: *Foto \u00a9 Hauke Hass* verpflichtend. Gem. \u00a7 95c UrhG d\u00fcrfen von Rechtsinhabern stammende Informationen f\u00fcr die Rechtewahrnehmung aus den Metadaten nicht entfernt oder ver\u00e4ndert werden. [Die Nutzung ist im Print- und im Onlinebereich honorarpflichtig gemaess aktueller MFM-Empfehlungen. Anstrich oder Rechnung nur nach Ruecksprache! Bitte als Fotocredit *\u00a9 HAUKE HASS* angeben. Veroeffentlichung nur mit korrektem Urhebervermerk, Beleg und Honorierung. KEINE MODELLVER\u00d6FFENTLICHUNG - bei Verwendung des Fotos ausserhalb journalistischer Zwecke bitte Ruecksprache halten - Foto ist honorarpflichtig! \/ Weitere Motive\/Other motifs: www.hh-photography.de . \/ email: info@hh-photography.de . Hauke Hass, Erdkampsweg 102, D-22335 Hamburg . Fon +49 (0)40\/60875535, Mobil: +49 (0)177\/324 65 23 \/\/ Die Verwendung der Fotos im Druck oder online ist honorarpflichtig gem\u00e4\u00df den Empfehlungen der aktuellen MFM-Preisliste. Abweichungen von diesen Geb\u00fchren oder die Ausstellung einer Rechnung m\u00fcssen vereinbart werden. Bitte geben Sie den Fotonachweis als *\u00a9 HAUKE HASS* an. Wenn ein Foto ver\u00f6ffentlicht werden soll, sind ein korrekter Hinweis auf das Copyright, ein kostenloses Belegexemplar und die Zahlung des Honorars erforderlich. Wenn das Foto f\u00fcr andere als redaktionelle Zwecke verwendet werden soll, holen Sie bitte die Genehmigung der Agentur ein]."},{"@type":"BreadcrumbList","@id":"https:\/\/behaaglijkverwarmen.nl\/de\/product\/infrarotheizung-mit-bild\/#breadcrumb","itemListElement":[{"@type":"ListItem","position":1,"name":"Home","item":"https:\/\/behaaglijkverwarmen.nl\/de\/startseite\/"},{"@type":"ListItem","position":2,"name":"Shop","item":"https:\/\/behaaglijkverwarmen.nl\/de\/shop\/"},{"@type":"ListItem","position":3,"name":"Infrarotheizung mit Bild"}]},{"@type":"WebSite","@id":"https:\/\/behaaglijkverwarmen.nl\/de\/#website","url":"https:\/\/behaaglijkverwarmen.nl\/de\/","name":"Behaaglijk verwarmen","description":"","publisher":{"@id":"https:\/\/behaaglijkverwarmen.nl\/de\/#organization"},"potentialAction":[{"@type":"SearchAction","target":{"@type":"EntryPoint","urlTemplate":"https:\/\/behaaglijkverwarmen.nl\/de\/?s={search_term_string}"},"query-input":{"@type":"PropertyValueSpecification","valueRequired":true,"valueName":"search_term_string"}}],"inLanguage":"de"},{"@type":"Organization","@id":"https:\/\/behaaglijkverwarmen.nl\/de\/#organization","name":"Behaaglijk verwarmen","url":"https:\/\/behaaglijkverwarmen.nl\/de\/","logo":{"@type":"ImageObject","inLanguage":"de","@id":"https:\/\/behaaglijkverwarmen.nl\/de\/#\/schema\/logo\/image\/","url":"https:\/\/behaaglijkverwarmen.nl\/wp-content\/uploads\/2022\/10\/logo-behaaglijkverwarmenrsnoek.png","contentUrl":"https:\/\/behaaglijkverwarmen.nl\/wp-content\/uploads\/2022\/10\/logo-behaaglijkverwarmenrsnoek.png","width":1000,"height":266,"caption":"Behaaglijk verwarmen"},"image":{"@id":"https:\/\/behaaglijkverwarmen.nl\/de\/#\/schema\/logo\/image\/"}}]}},"_links":{"self":[{"href":"https:\/\/behaaglijkverwarmen.nl\/de\/wp-json\/wp\/v2\/product\/4174","targetHints":{"allow":["GET"]}}],"collection":[{"href":"https:\/\/behaaglijkverwarmen.nl\/de\/wp-json\/wp\/v2\/product"}],"about":[{"href":"https:\/\/behaaglijkverwarmen.nl\/de\/wp-json\/wp\/v2\/types\/product"}],"wp:featuredmedia":[{"embeddable":true,"href":"https:\/\/behaaglijkverwarmen.nl\/de\/wp-json\/wp\/v2\/media\/4175"}],"wp:attachment":[{"href":"https:\/\/behaaglijkverwarmen.nl\/de\/wp-json\/wp\/v2\/media?parent=4174"}],"wp:term":[{"taxonomy":"product_brand","embeddable":true,"href":"https:\/\/behaaglijkverwarmen.nl\/de\/wp-json\/wp\/v2\/product_brand?post=4174"},{"taxonomy":"product_cat","embeddable":true,"href":"https:\/\/behaaglijkverwarmen.nl\/de\/wp-json\/wp\/v2\/product_cat?post=4174"},{"taxonomy":"product_tag","embeddable":true,"href":"https:\/\/behaaglijkverwarmen.nl\/de\/wp-json\/wp\/v2\/product_tag?post=4174"}],"curies":[{"name":"wp","href":"https:\/\/api.w.org\/{rel}","templated":true}]}}