{"id":4402,"date":"2021-03-15T11:35:38","date_gmt":"2021-03-15T10:35:38","guid":{"rendered":"https:\/\/behaaglijkverwarmen.nl\/product\/spe600-smarthome-stecker-eu-stecker\/"},"modified":"2021-03-15T11:35:38","modified_gmt":"2021-03-15T10:35:38","slug":"spe600-smarthome-stecker-eu-stecker","status":"publish","type":"product","link":"https:\/\/behaaglijkverwarmen.nl\/de\/product\/spe600-smarthome-stecker-eu-stecker\/","title":{"rendered":"SPE600 Smarthome-Stecker EU-Stecker"},"content":{"rendered":"<p>Der SALUS Smart Plug muss in eine geerdete Steckdose eingesteckt werden. Danach k\u00f6nnen Sie elektrische Ger\u00e4te mit Ihrem Smartphone oder PC \u00fcber die SALUS Smart Home App steuern. Der SALUS Smart Plug muss in Kombination mit dem UGE600 (Universal-Gateway) verwendet werden.  <\/p>\n<table border=\"0\" cellspacing=\"1\" cellpadding=\"1\">\n<tbody>\n<tr>\n<td>Stromanschluss<\/td>\n<td>230 V (AC)<\/td>\n<\/tr>\n<tr>\n<td>Frequenz<\/td>\n<td>ZigBee 2.4 GhZ HA 1.2<\/td>\n<\/tr>\n<tr>\n<td>Umgebungstemperatur<\/td>\n<td>10 bis 50 \u00baC<\/td>\n<\/tr>\n<tr>\n<td>Abmessungen<\/td>\n<td>42 x 42 x 40 mm (B x H x T)<\/td>\n<\/tr>\n<\/tbody>\n<\/table>\n<p>Eigenschaften<\/p>\n<ul>\n<li>Einfache Programmierung per Stecker<\/li>\n<li>Fernabschaltung statt teurem Stand-by-Modus<\/li>\n<li>Kann den Stromverbrauch pro Stecker anzeigen<\/li>\n<li>Geeignet f\u00fcr elektrische Heizung<\/li>\n<li>Verbindet sich automatisch mit dem SALUS Smart Home Gateway (UG600)<\/li>\n<li>Kann mit anderen IT600-Ger\u00e4ten verbunden werden.<\/li>\n<\/ul>\n","protected":false},"excerpt":{"rendered":"<p>Der SALUS Smart Plug muss in eine geerdete Steckdose eingesteckt werden. Danach k\u00f6nnen Sie elektrische Ger\u00e4te mit Ihrem Smartphone oder PC \u00fcber die SALUS Smart Home App steuern. Der SALUS Smart Plug muss in Kombination mit dem UGE600 (Universal-Gateway) verwendet werden. Stromanschluss 230 V (AC) Frequenz ZigBee 2.4 GhZ HA 1.2 Umgebungstemperatur 10 bis 50 [&#8230;]\n","protected":false},"featured_media":4192,"template":"","meta":[],"product_brand":[157],"product_cat":[188,245,187],"product_tag":[],"class_list":{"0":"post-4402","1":"product","2":"type-product","3":"status-publish","4":"has-post-thumbnail","6":"product_brand-salus","7":"product_cat-hausautomatisierung","8":"product_cat-salus","9":"product_cat-zubehor-thermostate","10":"product_shipping_class-paket-bis-zu-2kg","12":"first","13":"instock","14":"taxable","15":"shipping-taxable","16":"purchasable","17":"product-type-simple"},"yoast_head":"<!-- This site is optimized with the Yoast SEO plugin v27.4 - https:\/\/yoast.com\/product\/yoast-seo-wordpress\/ -->\n<title>SPE600 Smarthome-Stecker EU-Stecker - Behaaglijk verwarmen<\/title>\n<meta name=\"robots\" content=\"index, follow, max-snippet:-1, max-image-preview:large, max-video-preview:-1\" \/>\n<link rel=\"canonical\" href=\"https:\/\/behaaglijkverwarmen.nl\/de\/product\/spe600-smarthome-stecker-eu-stecker\/\" \/>\n<meta property=\"og:locale\" content=\"de_DE\" \/>\n<meta property=\"og:type\" content=\"article\" \/>\n<meta property=\"og:title\" content=\"SPE600 Smarthome-Stecker EU-Stecker - Behaaglijk verwarmen\" \/>\n<meta property=\"og:description\" content=\"Der SALUS Smart Plug muss in eine geerdete Steckdose eingesteckt werden. Danach k\u00f6nnen Sie elektrische Ger\u00e4te mit Ihrem Smartphone oder PC \u00fcber die SALUS Smart Home App steuern. Der SALUS Smart Plug muss in Kombination mit dem UGE600 (Universal-Gateway) verwendet werden. Stromanschluss 230 V (AC) Frequenz ZigBee 2.4 GhZ HA 1.2 Umgebungstemperatur 10 bis 50 [...]\" \/>\n<meta property=\"og:url\" content=\"https:\/\/behaaglijkverwarmen.nl\/de\/product\/spe600-smarthome-stecker-eu-stecker\/\" \/>\n<meta property=\"og:site_name\" content=\"Behaaglijk verwarmen\" \/>\n<meta property=\"og:image\" content=\"https:\/\/behaaglijkverwarmen.nl\/wp-content\/uploads\/2021\/03\/SPE600.png\" \/>\n\t<meta property=\"og:image:width\" content=\"600\" \/>\n\t<meta property=\"og:image:height\" content=\"600\" \/>\n\t<meta property=\"og:image:type\" content=\"image\/png\" \/>\n<meta name=\"twitter:card\" content=\"summary_large_image\" \/>\n<meta name=\"twitter:label1\" content=\"Gesch\u00e4tzte Lesezeit\" \/>\n\t<meta name=\"twitter:data1\" content=\"1\u00a0Minute\" \/>\n<script type=\"application\/ld+json\" class=\"yoast-schema-graph\">{\"@context\":\"https:\\\/\\\/schema.org\",\"@graph\":[{\"@type\":\"WebPage\",\"@id\":\"https:\\\/\\\/behaaglijkverwarmen.nl\\\/de\\\/product\\\/spe600-smarthome-stecker-eu-stecker\\\/\",\"url\":\"https:\\\/\\\/behaaglijkverwarmen.nl\\\/de\\\/product\\\/spe600-smarthome-stecker-eu-stecker\\\/\",\"name\":\"SPE600 Smarthome-Stecker EU-Stecker - Behaaglijk verwarmen\",\"isPartOf\":{\"@id\":\"https:\\\/\\\/behaaglijkverwarmen.nl\\\/de\\\/#website\"},\"primaryImageOfPage\":{\"@id\":\"https:\\\/\\\/behaaglijkverwarmen.nl\\\/de\\\/product\\\/spe600-smarthome-stecker-eu-stecker\\\/#primaryimage\"},\"image\":{\"@id\":\"https:\\\/\\\/behaaglijkverwarmen.nl\\\/de\\\/product\\\/spe600-smarthome-stecker-eu-stecker\\\/#primaryimage\"},\"thumbnailUrl\":\"https:\\\/\\\/behaaglijkverwarmen.nl\\\/wp-content\\\/uploads\\\/2021\\\/03\\\/SPE600.png\",\"datePublished\":\"2021-03-15T10:35:38+00:00\",\"breadcrumb\":{\"@id\":\"https:\\\/\\\/behaaglijkverwarmen.nl\\\/de\\\/product\\\/spe600-smarthome-stecker-eu-stecker\\\/#breadcrumb\"},\"inLanguage\":\"de\",\"potentialAction\":[{\"@type\":\"ReadAction\",\"target\":[\"https:\\\/\\\/behaaglijkverwarmen.nl\\\/de\\\/product\\\/spe600-smarthome-stecker-eu-stecker\\\/\"]}]},{\"@type\":\"ImageObject\",\"inLanguage\":\"de\",\"@id\":\"https:\\\/\\\/behaaglijkverwarmen.nl\\\/de\\\/product\\\/spe600-smarthome-stecker-eu-stecker\\\/#primaryimage\",\"url\":\"https:\\\/\\\/behaaglijkverwarmen.nl\\\/wp-content\\\/uploads\\\/2021\\\/03\\\/SPE600.png\",\"contentUrl\":\"https:\\\/\\\/behaaglijkverwarmen.nl\\\/wp-content\\\/uploads\\\/2021\\\/03\\\/SPE600.png\",\"width\":600,\"height\":600},{\"@type\":\"BreadcrumbList\",\"@id\":\"https:\\\/\\\/behaaglijkverwarmen.nl\\\/de\\\/product\\\/spe600-smarthome-stecker-eu-stecker\\\/#breadcrumb\",\"itemListElement\":[{\"@type\":\"ListItem\",\"position\":1,\"name\":\"Home\",\"item\":\"https:\\\/\\\/behaaglijkverwarmen.nl\\\/de\\\/startseite\\\/\"},{\"@type\":\"ListItem\",\"position\":2,\"name\":\"Shop\",\"item\":\"https:\\\/\\\/behaaglijkverwarmen.nl\\\/de\\\/shop\\\/\"},{\"@type\":\"ListItem\",\"position\":3,\"name\":\"SPE600 Smarthome-Stecker EU-Stecker\"}]},{\"@type\":\"WebSite\",\"@id\":\"https:\\\/\\\/behaaglijkverwarmen.nl\\\/de\\\/#website\",\"url\":\"https:\\\/\\\/behaaglijkverwarmen.nl\\\/de\\\/\",\"name\":\"Behaaglijk verwarmen\",\"description\":\"\",\"publisher\":{\"@id\":\"https:\\\/\\\/behaaglijkverwarmen.nl\\\/de\\\/#organization\"},\"potentialAction\":[{\"@type\":\"SearchAction\",\"target\":{\"@type\":\"EntryPoint\",\"urlTemplate\":\"https:\\\/\\\/behaaglijkverwarmen.nl\\\/de\\\/?s={search_term_string}\"},\"query-input\":{\"@type\":\"PropertyValueSpecification\",\"valueRequired\":true,\"valueName\":\"search_term_string\"}}],\"inLanguage\":\"de\"},{\"@type\":\"Organization\",\"@id\":\"https:\\\/\\\/behaaglijkverwarmen.nl\\\/de\\\/#organization\",\"name\":\"Behaaglijk verwarmen\",\"url\":\"https:\\\/\\\/behaaglijkverwarmen.nl\\\/de\\\/\",\"logo\":{\"@type\":\"ImageObject\",\"inLanguage\":\"de\",\"@id\":\"https:\\\/\\\/behaaglijkverwarmen.nl\\\/de\\\/#\\\/schema\\\/logo\\\/image\\\/\",\"url\":\"https:\\\/\\\/behaaglijkverwarmen.nl\\\/wp-content\\\/uploads\\\/2022\\\/10\\\/logo-behaaglijkverwarmenrsnoek.png\",\"contentUrl\":\"https:\\\/\\\/behaaglijkverwarmen.nl\\\/wp-content\\\/uploads\\\/2022\\\/10\\\/logo-behaaglijkverwarmenrsnoek.png\",\"width\":1000,\"height\":266,\"caption\":\"Behaaglijk verwarmen\"},\"image\":{\"@id\":\"https:\\\/\\\/behaaglijkverwarmen.nl\\\/de\\\/#\\\/schema\\\/logo\\\/image\\\/\"}}]}<\/script>\n<!-- \/ Yoast SEO plugin. -->","yoast_head_json":{"title":"SPE600 Smarthome-Stecker EU-Stecker - Behaaglijk verwarmen","robots":{"index":"index","follow":"follow","max-snippet":"max-snippet:-1","max-image-preview":"max-image-preview:large","max-video-preview":"max-video-preview:-1"},"canonical":"https:\/\/behaaglijkverwarmen.nl\/de\/product\/spe600-smarthome-stecker-eu-stecker\/","og_locale":"de_DE","og_type":"article","og_title":"SPE600 Smarthome-Stecker EU-Stecker - Behaaglijk verwarmen","og_description":"Der SALUS Smart Plug muss in eine geerdete Steckdose eingesteckt werden. Danach k\u00f6nnen Sie elektrische Ger\u00e4te mit Ihrem Smartphone oder PC \u00fcber die SALUS Smart Home App steuern. Der SALUS Smart Plug muss in Kombination mit dem UGE600 (Universal-Gateway) verwendet werden. Stromanschluss 230 V (AC) Frequenz ZigBee 2.4 GhZ HA 1.2 Umgebungstemperatur 10 bis 50 [...]","og_url":"https:\/\/behaaglijkverwarmen.nl\/de\/product\/spe600-smarthome-stecker-eu-stecker\/","og_site_name":"Behaaglijk verwarmen","og_image":[{"width":600,"height":600,"url":"https:\/\/behaaglijkverwarmen.nl\/wp-content\/uploads\/2021\/03\/SPE600.png","type":"image\/png"}],"twitter_card":"summary_large_image","twitter_misc":{"Gesch\u00e4tzte Lesezeit":"1\u00a0Minute"},"schema":{"@context":"https:\/\/schema.org","@graph":[{"@type":"WebPage","@id":"https:\/\/behaaglijkverwarmen.nl\/de\/product\/spe600-smarthome-stecker-eu-stecker\/","url":"https:\/\/behaaglijkverwarmen.nl\/de\/product\/spe600-smarthome-stecker-eu-stecker\/","name":"SPE600 Smarthome-Stecker EU-Stecker - Behaaglijk verwarmen","isPartOf":{"@id":"https:\/\/behaaglijkverwarmen.nl\/de\/#website"},"primaryImageOfPage":{"@id":"https:\/\/behaaglijkverwarmen.nl\/de\/product\/spe600-smarthome-stecker-eu-stecker\/#primaryimage"},"image":{"@id":"https:\/\/behaaglijkverwarmen.nl\/de\/product\/spe600-smarthome-stecker-eu-stecker\/#primaryimage"},"thumbnailUrl":"https:\/\/behaaglijkverwarmen.nl\/wp-content\/uploads\/2021\/03\/SPE600.png","datePublished":"2021-03-15T10:35:38+00:00","breadcrumb":{"@id":"https:\/\/behaaglijkverwarmen.nl\/de\/product\/spe600-smarthome-stecker-eu-stecker\/#breadcrumb"},"inLanguage":"de","potentialAction":[{"@type":"ReadAction","target":["https:\/\/behaaglijkverwarmen.nl\/de\/product\/spe600-smarthome-stecker-eu-stecker\/"]}]},{"@type":"ImageObject","inLanguage":"de","@id":"https:\/\/behaaglijkverwarmen.nl\/de\/product\/spe600-smarthome-stecker-eu-stecker\/#primaryimage","url":"https:\/\/behaaglijkverwarmen.nl\/wp-content\/uploads\/2021\/03\/SPE600.png","contentUrl":"https:\/\/behaaglijkverwarmen.nl\/wp-content\/uploads\/2021\/03\/SPE600.png","width":600,"height":600},{"@type":"BreadcrumbList","@id":"https:\/\/behaaglijkverwarmen.nl\/de\/product\/spe600-smarthome-stecker-eu-stecker\/#breadcrumb","itemListElement":[{"@type":"ListItem","position":1,"name":"Home","item":"https:\/\/behaaglijkverwarmen.nl\/de\/startseite\/"},{"@type":"ListItem","position":2,"name":"Shop","item":"https:\/\/behaaglijkverwarmen.nl\/de\/shop\/"},{"@type":"ListItem","position":3,"name":"SPE600 Smarthome-Stecker EU-Stecker"}]},{"@type":"WebSite","@id":"https:\/\/behaaglijkverwarmen.nl\/de\/#website","url":"https:\/\/behaaglijkverwarmen.nl\/de\/","name":"Behaaglijk verwarmen","description":"","publisher":{"@id":"https:\/\/behaaglijkverwarmen.nl\/de\/#organization"},"potentialAction":[{"@type":"SearchAction","target":{"@type":"EntryPoint","urlTemplate":"https:\/\/behaaglijkverwarmen.nl\/de\/?s={search_term_string}"},"query-input":{"@type":"PropertyValueSpecification","valueRequired":true,"valueName":"search_term_string"}}],"inLanguage":"de"},{"@type":"Organization","@id":"https:\/\/behaaglijkverwarmen.nl\/de\/#organization","name":"Behaaglijk verwarmen","url":"https:\/\/behaaglijkverwarmen.nl\/de\/","logo":{"@type":"ImageObject","inLanguage":"de","@id":"https:\/\/behaaglijkverwarmen.nl\/de\/#\/schema\/logo\/image\/","url":"https:\/\/behaaglijkverwarmen.nl\/wp-content\/uploads\/2022\/10\/logo-behaaglijkverwarmenrsnoek.png","contentUrl":"https:\/\/behaaglijkverwarmen.nl\/wp-content\/uploads\/2022\/10\/logo-behaaglijkverwarmenrsnoek.png","width":1000,"height":266,"caption":"Behaaglijk verwarmen"},"image":{"@id":"https:\/\/behaaglijkverwarmen.nl\/de\/#\/schema\/logo\/image\/"}}]}},"_links":{"self":[{"href":"https:\/\/behaaglijkverwarmen.nl\/de\/wp-json\/wp\/v2\/product\/4402","targetHints":{"allow":["GET"]}}],"collection":[{"href":"https:\/\/behaaglijkverwarmen.nl\/de\/wp-json\/wp\/v2\/product"}],"about":[{"href":"https:\/\/behaaglijkverwarmen.nl\/de\/wp-json\/wp\/v2\/types\/product"}],"wp:featuredmedia":[{"embeddable":true,"href":"https:\/\/behaaglijkverwarmen.nl\/de\/wp-json\/wp\/v2\/media\/4192"}],"wp:attachment":[{"href":"https:\/\/behaaglijkverwarmen.nl\/de\/wp-json\/wp\/v2\/media?parent=4402"}],"wp:term":[{"taxonomy":"product_brand","embeddable":true,"href":"https:\/\/behaaglijkverwarmen.nl\/de\/wp-json\/wp\/v2\/product_brand?post=4402"},{"taxonomy":"product_cat","embeddable":true,"href":"https:\/\/behaaglijkverwarmen.nl\/de\/wp-json\/wp\/v2\/product_cat?post=4402"},{"taxonomy":"product_tag","embeddable":true,"href":"https:\/\/behaaglijkverwarmen.nl\/de\/wp-json\/wp\/v2\/product_tag?post=4402"}],"curies":[{"name":"wp","href":"https:\/\/api.w.org\/{rel}","templated":true}]}}